{"id":102,"date":"2021-08-09T04:30:35","date_gmt":"2021-08-09T04:30:35","guid":{"rendered":"https:\/\/www.ossjsmlednik.si\/?page_id=102"},"modified":"2025-09-01T08:55:11","modified_gmt":"2025-09-01T08:55:11","slug":"solski-koledar","status":"publish","type":"page","link":"https:\/\/www.ossjsmlednik.si\/?page_id=102","title":{"rendered":"\u0160olski koledar"},"content":{"rendered":"\n<p> Na podlagi 14. \u010dlena Pravilnika o \u0160olskem koledarju za osnovne \u0161ole (Uradni list RS, St. 63\/08 in 45\/10) izdaja minister za \u0160olstvo in \u0161port podrobnej\u0161a navodila o razporeditvi pouka, po\u010ditnic in pouka prostih dni, rokih za opravljanje izpitov ter datumih razdelitve spri\u010deval. <\/p>\n\n\n\n<div data-wp-interactive=\"core\/file\" class=\"wp-block-file\"><object data-wp-bind--hidden=\"!state.hasPdfPreview\" hidden class=\"wp-block-file__embed\" data=\"https:\/\/www.ossjsmlednik.si\/wp-content\/uploads\/2025\/09\/Navodila_SK_OS_25_26.pdf\" type=\"application\/pdf\" style=\"width:100%;height:600px\" aria-label=\"Vdelava Navodila_SK_OS_25_26\"><\/object><a id=\"wp-block-file--media-ab90f673-ddd0-4507-8158-60f3bc29976e\" href=\"https:\/\/www.ossjsmlednik.si\/wp-content\/uploads\/2025\/09\/Navodila_SK_OS_25_26.pdf\">Navodila_SK_OS_25_26<\/a><a href=\"https:\/\/www.ossjsmlednik.si\/wp-content\/uploads\/2025\/09\/Navodila_SK_OS_25_26.pdf\" class=\"wp-block-file__button wp-element-button\" download aria-describedby=\"wp-block-file--media-ab90f673-ddd0-4507-8158-60f3bc29976e\">Prenos<\/a><\/div>\n","protected":false},"excerpt":{"rendered":"<p>Na podlagi 14. \u010dlena Pravilnika o \u0160olskem koledarju za osnovne \u0161ole (Uradni list RS, St. 63\/08 in 45\/10) izdaja minister za \u0160olstvo in \u0161port podrobnej\u0161a navodila o razporeditvi pouka, po\u010ditnic in pouka prostih dni,&#46;&#46;&#46;<\/p>\n","protected":false},"author":1,"featured_media":0,"parent":0,"menu_order":0,"comment_status":"closed","ping_status":"closed","template":"","meta":{"footnotes":""},"class_list":["post-102","page","type-page","status-publish","hentry"],"publishpress_future_action":{"enabled":false,"date":"2026-05-06 21:24:29","action":"change-status","newStatus":"draft","terms":[],"taxonomy":"","extraData":[]},"publishpress_future_workflow_manual_trigger":{"enabledWorkflows":[]},"_links":{"self":[{"href":"https:\/\/www.ossjsmlednik.si\/index.php?rest_route=\/wp\/v2\/pages\/102","targetHints":{"allow":["GET"]}}],"collection":[{"href":"https:\/\/www.ossjsmlednik.si\/index.php?rest_route=\/wp\/v2\/pages"}],"about":[{"href":"https:\/\/www.ossjsmlednik.si\/index.php?rest_route=\/wp\/v2\/types\/page"}],"author":[{"embeddable":true,"href":"https:\/\/www.ossjsmlednik.si\/index.php?rest_route=\/wp\/v2\/users\/1"}],"replies":[{"embeddable":true,"href":"https:\/\/www.ossjsmlednik.si\/index.php?rest_route=%2Fwp%2Fv2%2Fcomments&post=102"}],"version-history":[{"count":11,"href":"https:\/\/www.ossjsmlednik.si\/index.php?rest_route=\/wp\/v2\/pages\/102\/revisions"}],"predecessor-version":[{"id":4610,"href":"https:\/\/www.ossjsmlednik.si\/index.php?rest_route=\/wp\/v2\/pages\/102\/revisions\/4610"}],"wp:attachment":[{"href":"https:\/\/www.ossjsmlednik.si\/index.php?rest_route=%2Fwp%2Fv2%2Fmedia&parent=102"}],"curies":[{"name":"wp","href":"https:\/\/api.w.org\/{rel}","templated":true}]}}