{"id":12,"date":"2021-08-08T19:14:30","date_gmt":"2021-08-08T19:14:30","guid":{"rendered":"https:\/\/www.ossjsmlednik.si\/?page_id=12"},"modified":"2026-04-20T10:27:22","modified_gmt":"2026-04-20T10:27:22","slug":"izbirni-predmeti","status":"publish","type":"page","link":"https:\/\/www.ossjsmlednik.si\/?page_id=12","title":{"rendered":"Izbirni predmeti"},"content":{"rendered":"\n<p>Spo\u0161tovani star\u0161i\/skrbniki,<\/p>\n\n\n\n<p>program devetletne osnovne \u0161ole omogo\u010da u\u010dencem, da nekatere vsebine izobra\u017eevanja izberejo sami v obliki obveznih in neobveznih izbirnih predmetov. V skladu z dolo\u010dbami Zakona o osnovni \u0161oli (Uradni list RS, \u0161t.\u00a0<a href=\"https:\/\/www.uradni-list.si\/glasilo-uradni-list-rs\/vsebina\/2006-01-3535\" target=\"_blank\" rel=\"noreferrer noopener\">81\/06<\/a>\u00a0\u2013 uradno pre\u010di\u0161\u010deno besedilo,\u00a0<a href=\"https:\/\/www.uradni-list.si\/glasilo-uradni-list-rs\/vsebina\/2007-01-5073\" target=\"_blank\" rel=\"noreferrer noopener\">102\/07<\/a>,\u00a0<a href=\"https:\/\/www.uradni-list.si\/glasilo-uradni-list-rs\/vsebina\/2010-01-5585\" target=\"_blank\" rel=\"noreferrer noopener\">107\/10<\/a>,\u00a0<a href=\"https:\/\/www.uradni-list.si\/glasilo-uradni-list-rs\/vsebina\/2011-01-3727\" target=\"_blank\" rel=\"noreferrer noopener\">87\/11<\/a>,\u00a0<a href=\"https:\/\/www.uradni-list.si\/glasilo-uradni-list-rs\/vsebina\/2012-01-1700\" target=\"_blank\" rel=\"noreferrer noopener\">40\/12<\/a>\u00a0\u2013 ZUJF,\u00a0<a href=\"https:\/\/www.uradni-list.si\/glasilo-uradni-list-rs\/vsebina\/2013-01-2519\" target=\"_blank\" rel=\"noreferrer noopener\">63\/13<\/a>,\u00a0<a href=\"https:\/\/www.uradni-list.si\/glasilo-uradni-list-rs\/vsebina\/2016-01-1999\" target=\"_blank\" rel=\"noreferrer noopener\">46\/16<\/a>\u00a0\u2013 ZOFVI-K,\u00a0<a href=\"https:\/\/www.uradni-list.si\/glasilo-uradni-list-rs\/vsebina\/2023-01-2392\" target=\"_blank\" rel=\"noreferrer noopener\">76\/23<\/a>,\u00a0<a href=\"https:\/\/www.uradni-list.si\/glasilo-uradni-list-rs\/vsebina\/2024-01-0440\" target=\"_blank\" rel=\"noreferrer noopener\">16\/24<\/a>\u00a0in\u00a0<a href=\"https:\/\/www.uradni-list.si\/glasilo-uradni-list-rs\/vsebina\/2025-01-2215\" target=\"_blank\" rel=\"noreferrer noopener\">54\/25<\/a>) Osnovna \u0161ola Simona Jenka Smlednik, za u\u010dence od 7. do 9. razreda izvaja pouk\u00a0<strong>obveznih izbirnih predmetov<\/strong>, od 4. do 6. razreda pouk\u00a0<strong>neobveznih izbirnih predmetov<\/strong>.\u00a0<\/p>\n\n\n\n<p>Obvezni in neobvezni izbirni predmeti za \u0161olsko leto 2026\/27 &#8211; predstavitev vsebin:<\/p>\n\n\n\n<p><a href=\"https:\/\/www.ossjsmlednik.si\/wp-content\/uploads\/2025\/04\/RAZVRSCANJE-PREDMETOV-NA-PORTALU-LoPolis-PRO-ZA-STARSE.pdf\" data-type=\"link\" data-id=\"https:\/\/www.ossjsmlednik.si\/wp-content\/uploads\/2025\/04\/RAZVRSCANJE-PREDMETOV-NA-PORTALU-LoPolis-PRO-ZA-STARSE.pdf\">Navodila za razvr\u0161\u010danje predmetov na portalu LoPolis PRO za star\u0161e<\/a><\/p>\n\n\n\n<h3 class=\"wp-block-heading\">Obvezni izbirni predmeti<\/h3>\n\n\n\n<p><a href=\"https:\/\/www.ossjsmlednik.si\/wp-content\/uploads\/2024\/04\/ANSAMBELSKA-IGRA-predstavitev.pdf\">Ansambelska igra<\/a> (7.,8.,9.r)<\/p>\n\n\n\n<p><a href=\"https:\/\/www.ossjsmlednik.si\/wp-content\/uploads\/2024\/04\/IP-7.-r.-Filozofija-za-otroke_Kriticno-misljenje.pdf\">Filozofija za otroke &#8211; kriti\u010dno mi\u0161ljenje<\/a> (7.r)<\/p>\n\n\n\n<p><a href=\"https:\/\/www.ossjsmlednik.si\/wp-content\/uploads\/2024\/04\/Filozofija-za-otroke-FIE.pdf\">Filozofija za otroke &#8211; eti\u010dna raziskovanja<\/a> (8.r)<\/p>\n\n\n\n<p><a href=\"https:\/\/www.ossjsmlednik.si\/wp-content\/uploads\/2024\/04\/Filozofija-za-otroke-FIJ.pdf\">Filozofija za otroke &#8211; jaz in drugi<\/a> (9.r)<\/p>\n\n\n\n<p><a href=\"https:\/\/www.ossjsmlednik.si\/wp-content\/uploads\/2025\/04\/Gledaliski-klub.pdf\" data-type=\"link\" data-id=\"https:\/\/www.ossjsmlednik.si\/wp-content\/uploads\/2025\/04\/Gledaliski-klub.pdf\">Gledali\u0161ki klub<\/a> (7.,8.r)<\/p>\n\n\n\n<p><a href=\"https:\/\/www.ossjsmlednik.si\/wp-content\/uploads\/2026\/04\/Likovni-snovanje-26_27.pdf\">Likovno snovanje<\/a> (7.,8.,9.r)<\/p>\n\n\n\n<p><a href=\"https:\/\/www.ossjsmlednik.si\/wp-content\/uploads\/2024\/04\/Nemscina-letak.pdf\">Nem\u0161\u010dina<\/a> (7.,8.r)<\/p>\n\n\n\n<p><a href=\"https:\/\/www.ossjsmlednik.si\/wp-content\/uploads\/2025\/04\/ip_OGL_valentina-1.pdf\" data-type=\"link\" data-id=\"https:\/\/www.ossjsmlednik.si\/wp-content\/uploads\/2025\/04\/ip_OGL_valentina-1.pdf\">Obdelava gradiv &#8211; les<\/a> (7.r)<\/p>\n\n\n\n<p><a href=\"https:\/\/www.ossjsmlednik.si\/wp-content\/uploads\/2026\/04\/ip_8r_OGU_26_27_valentina.pdf\" data-type=\"link\" data-id=\"https:\/\/www.ossjsmlednik.si\/wp-content\/uploads\/2026\/04\/ip_8r_OGU_26_27_valentina.pdf\">Obdelava gradiv &#8211; umetne snovi (8.r)<\/a><\/p>\n\n\n\n<p><a href=\"https:\/\/www.ossjsmlednik.si\/wp-content\/uploads\/2026\/04\/ip_9r_OGK_26_27_valentina.pdf\" data-type=\"link\" data-id=\"https:\/\/www.ossjsmlednik.si\/wp-content\/uploads\/2026\/04\/ip_9r_OGK_26_27_valentina.pdf\">Obdelava gradiv &#8211; kovine (9.r)<\/a><\/p>\n\n\n\n<p><a href=\"https:\/\/www.ossjsmlednik.si\/wp-content\/uploads\/2022\/04\/Odbojka-9r.pdf\" data-type=\"URL\" data-id=\"https:\/\/www.ossjsmlednik.si\/wp-content\/uploads\/2022\/04\/Odbojka-9r.pdf\" target=\"_blank\" rel=\"noreferrer noopener\">Odbojka<\/a> (9.r)<\/p>\n\n\n\n<p><a href=\"https:\/\/www.ossjsmlednik.si\/wp-content\/uploads\/2026\/04\/Multimedija.pdf\" data-type=\"link\" data-id=\"https:\/\/www.ossjsmlednik.si\/wp-content\/uploads\/2026\/04\/Multimedija.pdf\">Ra\u010dunalni\u0161tvo &#8211; multimedija (8.r)<\/a><\/p>\n\n\n\n<p><a href=\"https:\/\/www.ossjsmlednik.si\/wp-content\/uploads\/2026\/04\/aplikacija.pdf\" data-type=\"link\" data-id=\"https:\/\/www.ossjsmlednik.si\/wp-content\/uploads\/2026\/04\/aplikacija.pdf\">Ra\u010dunalni\u0161tvo &#8211; ustvarimo svojo aplikaciji (7.r)<\/a><\/p>\n\n\n\n<p><a href=\"https:\/\/www.ossjsmlednik.si\/wp-content\/uploads\/2024\/04\/IP-9.-r.-Retorika.pdf\">Retorika<\/a> (9.r)<\/p>\n\n\n\n<p><a href=\"https:\/\/www.ossjsmlednik.si\/wp-content\/uploads\/2025\/04\/Solsko-novinarstvo.pdf\" data-type=\"link\" data-id=\"https:\/\/www.ossjsmlednik.si\/wp-content\/uploads\/2025\/04\/Solsko-novinarstvo.pdf\">\u0160olsko novinarstvo<\/a> (8.,9.r)<\/p>\n\n\n\n<p><a href=\"https:\/\/www.ossjsmlednik.si\/wp-content\/uploads\/2022\/04\/sport-za-sprostitev.pdf\" data-type=\"URL\" data-id=\"https:\/\/www.ossjsmlednik.si\/wp-content\/uploads\/2022\/04\/sport-za-sprostitev.pdf\" target=\"_blank\" rel=\"noreferrer noopener\">\u0160port za sprostitev<\/a> (7.r)<\/p>\n\n\n\n<p><a href=\"https:\/\/www.ossjsmlednik.si\/wp-content\/uploads\/2025\/04\/sport-za-zdravje.pdf\" data-type=\"link\" data-id=\"https:\/\/www.ossjsmlednik.si\/wp-content\/uploads\/2025\/04\/sport-za-zdravje.pdf\">\u0160port za zdravje<\/a> (8.r)<\/p>\n\n\n\n<p><a href=\"https:\/\/www.ossjsmlednik.si\/wp-content\/uploads\/2024\/04\/Verstva-in-etika-1-predstavitev.pdf\">Verstva in etika<\/a> (7.,8.,9.r)<\/p>\n\n\n\n<p><\/p>\n\n\n\n<h3 class=\"wp-block-heading\">Neobvezni izbirni premeti<\/h3>\n\n\n\n<p><\/p>\n\n\n\n<p><a href=\"https:\/\/www.ossjsmlednik.si\/wp-content\/uploads\/2024\/04\/Nemscina-letak.pdf\">Nem\u0161\u010dina<\/a>  (5.,6.r)<\/p>\n\n\n\n<p><a href=\"https:\/\/www.ossjsmlednik.si\/wp-content\/uploads\/2022\/04\/NIPracunalnistvo.pdf\" data-type=\"URL\" data-id=\"https:\/\/www.ossjsmlednik.si\/wp-content\/uploads\/2022\/04\/NIPracunalnistvo.pdf\" target=\"_blank\" rel=\"noreferrer noopener\">Ra\u010dunalni\u0161tvo<\/a>  (4.,5.,6.r)<\/p>\n\n\n\n<p>\u0160port <a href=\"https:\/\/www.ossjsmlednik.si\/wp-content\/uploads\/2022\/04\/NIPsport4.pdf\" data-type=\"URL\" data-id=\"https:\/\/www.ossjsmlednik.si\/wp-content\/uploads\/2022\/04\/NIPsport4.pdf\" target=\"_blank\" rel=\"noreferrer noopener\">4.r<\/a>, <a href=\"https:\/\/www.ossjsmlednik.si\/wp-content\/uploads\/2022\/04\/NIPsport5.pdf\" data-type=\"URL\" data-id=\"https:\/\/www.ossjsmlednik.si\/wp-content\/uploads\/2022\/04\/NIPsport5.pdf\" target=\"_blank\" rel=\"noreferrer noopener\">5.r<\/a>, <a href=\"https:\/\/www.ossjsmlednik.si\/wp-content\/uploads\/2022\/04\/NIPsport6.pdf\" data-type=\"URL\" data-id=\"https:\/\/www.ossjsmlednik.si\/wp-content\/uploads\/2022\/04\/NIPsport6.pdf\" target=\"_blank\" rel=\"noreferrer noopener\">6.r<\/a><\/p>\n\n\n\n<p><a href=\"https:\/\/www.ossjsmlednik.si\/wp-content\/uploads\/2024\/04\/nip_TEHNIKA_valentina.pdf\">Tehnika<\/a>  (4.,5.,6.r)<\/p>\n\n\n\n<p><a href=\"https:\/\/www.ossjsmlednik.si\/wp-content\/uploads\/2025\/04\/UMETNOST-4-6-razred-.pdf\" data-type=\"link\" data-id=\"https:\/\/www.ossjsmlednik.si\/wp-content\/uploads\/2025\/04\/UMETNOST-4-6-razred-.pdf\">Umetnost<\/a>  (4.,5.,6.r)<\/p>\n\n\n\n<p><\/p>\n","protected":false},"excerpt":{"rendered":"<p>Spo\u0161tovani star\u0161i\/skrbniki, program devetletne osnovne \u0161ole omogo\u010da u\u010dencem, da nekatere vsebine izobra\u017eevanja izberejo sami v obliki obveznih in neobveznih izbirnih predmetov. V skladu z dolo\u010dbami Zakona o osnovni \u0161oli (Uradni list RS, \u0161t.\u00a081\/06\u00a0\u2013 uradno&#46;&#46;&#46;<\/p>\n","protected":false},"author":1,"featured_media":0,"parent":0,"menu_order":0,"comment_status":"closed","ping_status":"closed","template":"","meta":{"footnotes":""},"class_list":["post-12","page","type-page","status-publish","hentry"],"publishpress_future_action":{"enabled":false,"date":"2026-05-09 04:11:54","action":"change-status","newStatus":"draft","terms":[],"taxonomy":"","extraData":[]},"publishpress_future_workflow_manual_trigger":{"enabledWorkflows":[]},"_links":{"self":[{"href":"https:\/\/www.ossjsmlednik.si\/index.php?rest_route=\/wp\/v2\/pages\/12","targetHints":{"allow":["GET"]}}],"collection":[{"href":"https:\/\/www.ossjsmlednik.si\/index.php?rest_route=\/wp\/v2\/pages"}],"about":[{"href":"https:\/\/www.ossjsmlednik.si\/index.php?rest_route=\/wp\/v2\/types\/page"}],"author":[{"embeddable":true,"href":"https:\/\/www.ossjsmlednik.si\/index.php?rest_route=\/wp\/v2\/users\/1"}],"replies":[{"embeddable":true,"href":"https:\/\/www.ossjsmlednik.si\/index.php?rest_route=%2Fwp%2Fv2%2Fcomments&post=12"}],"version-history":[{"count":118,"href":"https:\/\/www.ossjsmlednik.si\/index.php?rest_route=\/wp\/v2\/pages\/12\/revisions"}],"predecessor-version":[{"id":5329,"href":"https:\/\/www.ossjsmlednik.si\/index.php?rest_route=\/wp\/v2\/pages\/12\/revisions\/5329"}],"wp:attachment":[{"href":"https:\/\/www.ossjsmlednik.si\/index.php?rest_route=%2Fwp%2Fv2%2Fmedia&parent=12"}],"curies":[{"name":"wp","href":"https:\/\/api.w.org\/{rel}","templated":true}]}}