{"id":13,"date":"2021-08-08T19:14:30","date_gmt":"2021-08-08T19:14:30","guid":{"rendered":"https:\/\/www.ossjsmlednik.si\/?page_id=13"},"modified":"2021-08-25T08:08:18","modified_gmt":"2021-08-25T08:08:18","slug":"prehrana","status":"publish","type":"page","link":"https:\/\/www.ossjsmlednik.si\/?page_id=13","title":{"rendered":"Prehrana"},"content":{"rendered":"\n<p>Za otrokov razvoj je zelo pomembno, da v dopoldanskem \u010dasu zau\u017eije vsaj en obrok. Zato ob 9.15 u\u010dencem od 2. do 9. razreda postre\u017eemo z malico, ob kateri jih hkrati navajamo na higieno, bonton pri prehranjevanju in pripadnost skupini. U\u010denci prvih razredov imajo malico ob 8.40.<\/p>\n\n\n\n<p><br>U\u010dencem tudi na naravoslovnih, kulturnih, \u0161portnih dnevih in ekskurzijah, ko so u\u010denci na terenu, organiziramo \u0161olsko malico.<\/p>\n\n\n\n<p><br>U\u010denci, ki so organizirani v oddelkih podalj\u0161anega bivanja, imajo kosilo od 13.00 do 13.40. Ostali u\u010denci &nbsp;v tem \u010dasu prihajajo na kosilo v spremstvu de\u017eurnega u\u010ditelja.<\/p>\n\n\n\n<h3 class=\"wp-block-heading\"><strong><u>PRIJAVE \/ ODJAVE OBROKOV<\/u><\/strong><\/h3>\n\n\n\n<p>Stalne prijave in odjave obrokov se javlja v pisni obliki. Obrazce za prijavo oz. preklic prehrane dobite v tajni\u0161tvu \u0161ole ali na \u0161olski spletni strani. Star\u0161i lahko kadarkoli prekli\u010dejo prijavo prehrane za nedolo\u010den \u010das. Preklic prijave prehrane se odda v pisni obliki poslovni sekretarki na posebnem obrazcu \u00bb<em>Preklic prijave na \u0161olsko prehrano<\/em>\u00ab dostopnim v tajni\u0161tvu ali \u0161olski spletni strani. V primeru odsotnosti poslovne sekretarke se preklic odda ra\u010dunovodkinji. Preklic prehrane za\u010dne veljati najprej z naslednjim dnem po prejemu preklica. Preklic prehrane za nazaj ni mogo\u010d.<\/p>\n\n\n\n<p>U\u010denci, ki potrebujejo kosila le ob\u010dasno, se morajo naro\u010diti zjutraj v kuhinji za dan, ko \u017eelijo kositi. Kupon\u010dke za ob\u010dasna kosila dobijo v tajni\u0161tvu vsak ponedeljek v \u010dasu glavnega odmora od 9.15 do 9. 45 ure za cel teden. Ob\u010dasna kosila se obra\u010dunajo enkrat na mesec na polo\u017enicah.<\/p>\n\n\n\n<p>V primeru otrokove bolezni ali druge upravi\u010dene odsotnosti,&nbsp;<strong><u>morajo star\u0161i odjaviti prehrano<\/u><\/strong>&nbsp;elektronsko preko portala Lopolis.&nbsp;<a href=\"https:\/\/www.lopolis.si\/\" target=\"_blank\" rel=\"noreferrer noopener\">Portal Lopolis<\/a><\/p>\n\n\n\n<p>Prehrano se lahko odjavi od <strong>ponedeljka do petka, do 8.00 ure za naslednji dan<\/strong> (9. \u010dlen Zakona o \u0161olski prehrani, Ur.l.RS\u00a0 \u0161t. 43\/2010). Odjava za nazaj ni mogo\u010da. Za u\u010dence, ki so odsotni od pouka zaradi udele\u017ebe oz. sodelovanja pri dejavnostih, ki jih organizira \u0161ola, odjavi \u0161olsko prehrano \u00a0razrednik oz.\u00a0 strokovni delavec, ki je zadol\u017een za izvedbo dejavnosti.\u00a0<\/p>\n\n\n\n<p>V primeru, da star\u0161i oz. skrbniki&nbsp;<strong><u>ne odjavijo<\/u><\/strong>&nbsp;<strong>prehrano<\/strong>, se zara\u010duna polna cena prehrane tudi za \u010das neprijavljene odsotnosti u\u010denca (9. \u010dlen Zakona o \u0161olski prehrani, Ur.l.RS&nbsp; \u0161t. 43\/2010). Stro\u0161ke prehrane je potrebno poravnati do roka, ozna\u010denega na polo\u017enici.&nbsp;&nbsp;&nbsp;&nbsp;&nbsp;&nbsp;&nbsp;&nbsp;&nbsp;&nbsp;&nbsp;&nbsp;&nbsp;&nbsp;&nbsp;&nbsp;&nbsp;&nbsp;&nbsp;&nbsp;&nbsp;&nbsp;&nbsp;&nbsp;&nbsp;&nbsp;&nbsp;&nbsp;&nbsp;&nbsp;&nbsp;&nbsp;&nbsp;&nbsp;&nbsp;&nbsp; &nbsp;&nbsp;&nbsp;&nbsp;<\/p>\n","protected":false},"excerpt":{"rendered":"<p>Za otrokov razvoj je zelo pomembno, da v dopoldanskem \u010dasu zau\u017eije vsaj en obrok. Zato ob 9.15 u\u010dencem od 2. do 9. razreda postre\u017eemo z malico, ob kateri jih hkrati navajamo na higieno, bonton&#46;&#46;&#46;<\/p>\n","protected":false},"author":1,"featured_media":0,"parent":0,"menu_order":0,"comment_status":"closed","ping_status":"closed","template":"","meta":{"footnotes":""},"class_list":["post-13","page","type-page","status-publish","hentry"],"publishpress_future_action":{"enabled":false,"date":"2026-05-06 19:35:41","action":"change-status","newStatus":"draft","terms":[],"taxonomy":"","extraData":[]},"publishpress_future_workflow_manual_trigger":{"enabledWorkflows":[]},"_links":{"self":[{"href":"https:\/\/www.ossjsmlednik.si\/index.php?rest_route=\/wp\/v2\/pages\/13","targetHints":{"allow":["GET"]}}],"collection":[{"href":"https:\/\/www.ossjsmlednik.si\/index.php?rest_route=\/wp\/v2\/pages"}],"about":[{"href":"https:\/\/www.ossjsmlednik.si\/index.php?rest_route=\/wp\/v2\/types\/page"}],"author":[{"embeddable":true,"href":"https:\/\/www.ossjsmlednik.si\/index.php?rest_route=\/wp\/v2\/users\/1"}],"replies":[{"embeddable":true,"href":"https:\/\/www.ossjsmlednik.si\/index.php?rest_route=%2Fwp%2Fv2%2Fcomments&post=13"}],"version-history":[{"count":3,"href":"https:\/\/www.ossjsmlednik.si\/index.php?rest_route=\/wp\/v2\/pages\/13\/revisions"}],"predecessor-version":[{"id":241,"href":"https:\/\/www.ossjsmlednik.si\/index.php?rest_route=\/wp\/v2\/pages\/13\/revisions\/241"}],"wp:attachment":[{"href":"https:\/\/www.ossjsmlednik.si\/index.php?rest_route=%2Fwp%2Fv2%2Fmedia&parent=13"}],"curies":[{"name":"wp","href":"https:\/\/api.w.org\/{rel}","templated":true}]}}