{"id":14,"date":"2021-08-08T19:14:30","date_gmt":"2021-08-08T19:14:30","guid":{"rendered":"https:\/\/www.ossjsmlednik.si\/?page_id=14"},"modified":"2026-04-22T08:19:56","modified_gmt":"2026-04-22T08:19:56","slug":"obrazci-in-pravilniki","status":"publish","type":"page","link":"https:\/\/www.ossjsmlednik.si\/?page_id=14","title":{"rendered":"Obrazci, na\u010drti in pravilniki"},"content":{"rendered":"\n<p><strong>Pravilniki<\/strong><\/p>\n\n\n\n<p><a rel=\"noreferrer noopener\" href=\"https:\/\/www.ossjsmlednik.si\/wp-content\/uploads\/2021\/08\/pravilnikgdpr2019a.pdf\" data-type=\"URL\" data-id=\"https:\/\/www.ossjsmlednik.si\/wp-content\/uploads\/2021\/08\/pravilnikgdpr2019a.pdf\" target=\"_blank\">Pravilnik GDPR<\/a><\/p>\n\n\n\n<p><a rel=\"noreferrer noopener\" href=\"https:\/\/www.ossjsmlednik.si\/wp-content\/uploads\/2021\/11\/Postopek-resevanja-pobud-in-pritozb.pdf\" data-type=\"URL\" data-id=\"https:\/\/www.ossjsmlednik.si\/wp-content\/uploads\/2021\/11\/Postopek-resevanja-pobud-in-pritozb.pdf\" target=\"_blank\">Postopek re\u0161evanja pobud in prito\u017eb star\u0161ev na O\u0160 Simona Jenka, Smlednik<\/a><\/p>\n\n\n\n<p><a href=\"https:\/\/www.ossjsmlednik.si\/wp-content\/uploads\/2022\/09\/HISNI-RED-os2022.pdf\" data-type=\"URL\" data-id=\"https:\/\/www.ossjsmlednik.si\/wp-content\/uploads\/2022\/09\/HISNI-RED-os2022.pdf\" target=\"_blank\" rel=\"noreferrer noopener\">Hi\u0161ni red<\/a><\/p>\n\n\n\n<p><a href=\"https:\/\/www.ossjsmlednik.si\/wp-content\/uploads\/2026\/03\/PRAVILA-SOLSKEGA-REDA-202526.pdf\">\u0160olski red<\/a><\/p>\n\n\n\n<p><a href=\"https:\/\/www.ossjsmlednik.si\/wp-content\/uploads\/2024\/11\/Scan24112910310.pdf\">Pravilnik o delovanju \u0161olskega sklada<\/a><\/p>\n\n\n\n<p><a href=\"https:\/\/www.ossjsmlednik.si\/wp-content\/uploads\/2022\/06\/Prenovljen-sklep-o-ustanovitvi-SOLSKEGA-SKLADA-2022.pdf\" data-type=\"URL\" data-id=\"https:\/\/www.ossjsmlednik.si\/wp-content\/uploads\/2022\/06\/Prenovljen-sklep-o-ustanovitvi-SOLSKEGA-SKLADA-2022.pdf\" target=\"_blank\" rel=\"noreferrer noopener\">Sklep o ustanovitvi \u0161olskega sklada<\/a><\/p>\n\n\n\n<p><a href=\"https:\/\/www.ossjsmlednik.si\/wp-content\/uploads\/2024\/01\/Pravilnik-o-zavarovanju-osebnih-podatkov-pri-izvajanju-videonadzora-OS-Simona-Jenka-Smlednik_231221_ver.1-1.pdf\">Pravilnik o zavarovanju osebnih podatkov pri izvajanju videonadzora<\/a><\/p>\n\n\n\n<p><strong>Obrazci<\/strong><\/p>\n\n\n\n<p><a href=\"https:\/\/www.ossjsmlednik.si\/wp-content\/uploads\/2022\/01\/izdaja-javne-listine.pdf\" data-type=\"URL\" data-id=\"https:\/\/www.ossjsmlednik.si\/wp-content\/uploads\/2022\/01\/izdaja-javne-listine.pdf\" target=\"_blank\" rel=\"noreferrer noopener\">Izpis iz evidence (izdaja javne listine)<\/a><\/p>\n\n\n\n<p><a rel=\"noreferrer noopener\" href=\"https:\/\/www.ossjsmlednik.si\/wp-content\/uploads\/2021\/08\/izjava_zdruzevanje_poloznic.pdf\" data-type=\"URL\" data-id=\"https:\/\/www.ossjsmlednik.si\/wp-content\/uploads\/2021\/08\/izjava_zdruzevanje_poloznic.pdf\" target=\"_blank\">Izjava za zdru\u017eevanje polo\u017enic<\/a><\/p>\n\n\n\n<p><a href=\"https:\/\/www.ossjsmlednik.si\/wp-content\/uploads\/2024\/11\/VLOGA-ZA-PRIDOBITEV-statusov.pdf\">Obrazec za pridobitev statusa<\/a><\/p>\n\n\n\n<p><a href=\"https:\/\/www.ossjsmlednik.si\/wp-content\/uploads\/2021\/08\/ossjsobrazecopb.pdf\" data-type=\"URL\" data-id=\"https:\/\/www.ossjsmlednik.si\/wp-content\/uploads\/2021\/08\/ossjsobrazecopb.pdf\" target=\"_blank\" rel=\"noreferrer noopener\">Odhod u\u010denca\/ke iz OPB<\/a><\/p>\n\n\n\n<p><a href=\"https:\/\/www.ossjsmlednik.si\/wp-content\/uploads\/2021\/08\/preklic-prijave-na-solsko-prehrano.pdf\" data-type=\"URL\" data-id=\"https:\/\/www.ossjsmlednik.si\/wp-content\/uploads\/2021\/08\/preklic-prijave-na-solsko-prehrano.pdf\" target=\"_blank\" rel=\"noreferrer noopener\">Preklic prijave na \u0161olsko prehrano<\/a><\/p>\n\n\n\n<p><a href=\"https:\/\/www.ossjsmlednik.si\/wp-content\/uploads\/2021\/08\/prijava-na-solsko-prehrano-novo.pdf\" data-type=\"URL\" data-id=\"https:\/\/www.ossjsmlednik.si\/wp-content\/uploads\/2021\/08\/prijava-na-solsko-prehrano-novo.pdf\" target=\"_blank\" rel=\"noreferrer noopener\">Prijavnica za \u0161olsko prehrano<\/a><\/p>\n\n\n\n<p><a href=\"https:\/\/www.ossjsmlednik.si\/wp-content\/uploads\/2021\/08\/prijavnica-za-najemtelovadnice202122.pdf\" data-type=\"URL\" data-id=\"https:\/\/www.ossjsmlednik.si\/wp-content\/uploads\/2021\/08\/prijavnica-za-najemtelovadnice202122.pdf\" target=\"_blank\" rel=\"noreferrer noopener\">Prijavnica za najem telovadnice<\/a><\/p>\n\n\n\n<p><a href=\"https:\/\/www.ossjsmlednik.si\/wp-content\/uploads\/2024\/11\/prosnja-za-izpis-iz-podaljsanega-bivanja.pdf\">Pro\u0161nja za izpis u\u010denca\/ke iz OPB<\/a><\/p>\n\n\n\n<p><a href=\"https:\/\/www.ossjsmlednik.si\/wp-content\/uploads\/2024\/11\/Prosnja-za-koriscenje-prostih-dni.pdf\">Pro\u0161nja za kori\u0161\u010denje prostih dni<\/a><\/p>\n\n\n\n<p><a href=\"https:\/\/www.ossjsmlednik.si\/wp-content\/uploads\/2024\/11\/SOGLASJE-ZA-DONACIJO-SREDSTEV-V-SOLSKI-SKLAD-.pdf\">Soglasje za donacijo sredstev v \u0161olski sklad<\/a><\/p>\n\n\n\n<p><a href=\"https:\/\/www.ossjsmlednik.si\/wp-content\/uploads\/2021\/08\/soglasjesdd-za-odprtje-trajnika.pdf\" data-type=\"URL\" data-id=\"https:\/\/www.ossjsmlednik.si\/wp-content\/uploads\/2021\/08\/soglasjesdd-za-odprtje-trajnika.pdf\" target=\"_blank\" rel=\"noreferrer noopener\">Soglasje za odprtje trajnika<\/a><\/p>\n\n\n\n<p><a href=\"https:\/\/www.ossjsmlednik.si\/wp-content\/uploads\/2024\/11\/Vloga-za-dodelitev-sredstev-iz-solskega-sklada.pdf\">Vloga za dodelitev sredstev iz \u0161olskega sklada<\/a><\/p>\n\n\n\n<p><a href=\"https:\/\/www.ossjsmlednik.si\/wp-content\/uploads\/2026\/04\/00-Vloga-za-oprostitev-obiskovanja-izbirnih-predmetov-20192020.pdf\" data-type=\"link\" data-id=\"https:\/\/www.ossjsmlednik.si\/wp-content\/uploads\/2026\/04\/00-Vloga-za-oprostitev-obiskovanja-izbirnih-predmetov-20192020.pdf\">Vloga za oprostitev obiskovanja izbirnih predmetov<\/a><\/p>\n\n\n\n<p><a href=\"https:\/\/www.ossjsmlednik.si\/wp-content\/uploads\/2025\/09\/Vloga-za-menjavo-izbirnih-predmetov-1.pdf\">Vloga za spremembo izbirnega predmeta<\/a><\/p>\n\n\n\n<p><a href=\"https:\/\/www.ossjsmlednik.si\/wp-content\/uploads\/2021\/08\/izobrazevanje-na-domu-obvestilo-obrazec.pdf\" data-type=\"URL\" data-id=\"https:\/\/www.ossjsmlednik.si\/wp-content\/uploads\/2021\/08\/izobrazevanje-na-domu-obvestilo-obrazec.pdf\" target=\"_blank\" rel=\"noreferrer noopener\">Vloga za \u0161olanje na domu<\/a><\/p>\n\n\n\n<p><strong>Na\u010drti<\/strong><\/p>\n\n\n\n<p><a href=\"https:\/\/www.ossjsmlednik.si\/wp-content\/uploads\/2022\/12\/NACRT-SOLSKIH-POTI202223.pdf\" data-type=\"URL\" data-id=\"https:\/\/www.ossjsmlednik.si\/wp-content\/uploads\/2022\/12\/NACRT-SOLSKIH-POTI202223.pdf\" target=\"_blank\" rel=\"noreferrer noopener\">Na\u010drt \u0161olskih poti <\/a><\/p>\n\n\n\n<p><\/p>\n","protected":false},"excerpt":{"rendered":"<p>Pravilniki Pravilnik GDPR Postopek re\u0161evanja pobud in prito\u017eb star\u0161ev na O\u0160 Simona Jenka, Smlednik Hi\u0161ni red \u0160olski red Pravilnik o delovanju \u0161olskega sklada Sklep o ustanovitvi \u0161olskega sklada Pravilnik o zavarovanju osebnih podatkov pri&#46;&#46;&#46;<\/p>\n","protected":false},"author":1,"featured_media":0,"parent":0,"menu_order":0,"comment_status":"closed","ping_status":"closed","template":"","meta":{"footnotes":""},"class_list":["post-14","page","type-page","status-publish","hentry"],"publishpress_future_action":{"enabled":false,"date":"2026-05-09 04:09:50","action":"change-status","newStatus":"draft","terms":[],"taxonomy":"","extraData":[]},"publishpress_future_workflow_manual_trigger":{"enabledWorkflows":[]},"_links":{"self":[{"href":"https:\/\/www.ossjsmlednik.si\/index.php?rest_route=\/wp\/v2\/pages\/14","targetHints":{"allow":["GET"]}}],"collection":[{"href":"https:\/\/www.ossjsmlednik.si\/index.php?rest_route=\/wp\/v2\/pages"}],"about":[{"href":"https:\/\/www.ossjsmlednik.si\/index.php?rest_route=\/wp\/v2\/types\/page"}],"author":[{"embeddable":true,"href":"https:\/\/www.ossjsmlednik.si\/index.php?rest_route=\/wp\/v2\/users\/1"}],"replies":[{"embeddable":true,"href":"https:\/\/www.ossjsmlednik.si\/index.php?rest_route=%2Fwp%2Fv2%2Fcomments&post=14"}],"version-history":[{"count":82,"href":"https:\/\/www.ossjsmlednik.si\/index.php?rest_route=\/wp\/v2\/pages\/14\/revisions"}],"predecessor-version":[{"id":5336,"href":"https:\/\/www.ossjsmlednik.si\/index.php?rest_route=\/wp\/v2\/pages\/14\/revisions\/5336"}],"wp:attachment":[{"href":"https:\/\/www.ossjsmlednik.si\/index.php?rest_route=%2Fwp%2Fv2%2Fmedia&parent=14"}],"curies":[{"name":"wp","href":"https:\/\/api.w.org\/{rel}","templated":true}]}}