{"id":198,"date":"2021-08-10T08:41:22","date_gmt":"2021-08-10T08:41:22","guid":{"rendered":"https:\/\/www.ossjsmlednik.si\/?page_id=198"},"modified":"2026-04-25T18:55:29","modified_gmt":"2026-04-25T18:55:29","slug":"jedilnik","status":"publish","type":"page","link":"https:\/\/www.ossjsmlednik.si\/?page_id=198","title":{"rendered":"Jedilnik"},"content":{"rendered":"\n<p>PRI JEDILNIKU LAHKO PRIDE DO SPREMEMB ZARADI ODSOTNOSTI KUHARJEV. PROSIMO ZA RAZUMEVANJE.<\/p>\n\n\n\n<p><\/p>\n\n\n\n<p><strong>27. 4. 2026-1. 5. 2026 &#8211; PRVOMAJSKE PO\u010cITNICE<\/strong><\/p>\n\n\n\n<p><strong>JEDILNIK, 4. &#8211; 8. 5. 2026<\/strong><\/p>\n\n\n\n<figure class=\"wp-block-table\"><table class=\"has-fixed-layout\"><tbody><tr><td><strong>DAN<\/strong><\/td><td><strong>DOP. MALICA<\/strong><\/td><td><strong>KOSILO<\/strong><\/td><td><strong>POP. MALICA<\/strong><\/td><\/tr><tr><td><strong>&nbsp;<\/strong> <strong>PONEDELJEK<\/strong>, <strong>4. 5.<\/strong> <strong>&nbsp;<\/strong> <strong>&nbsp;<\/strong><\/td><td>prosena mle\u010dna ka\u0161a(1a,7), kakav, sadje<\/td><td><strong>bio testenine<\/strong> s tunino omako(1a,3,4), zelje v solati s fi\u017eolom &nbsp; &nbsp;<\/td><td>kruh(1a), kocke sira(7), orehi(8)<\/td><\/tr><tr><td>&nbsp; <strong>TOREK<\/strong>, <strong>5. 5.<\/strong> <strong>&nbsp;<\/strong> <strong>&nbsp;<\/strong><\/td><td>koruzna bombeta(1a), pi\u0161\u010dan\u010dje prsi, kumarice, limonada<\/td><td>mleta pe\u010denka(3), pire krompir(7), pesa &nbsp;<\/td><td>prepe\u010denec(1a), jabolko &nbsp;<\/td><\/tr><tr><td>&nbsp; <strong>SREDA<\/strong>, <strong>6. 5.<\/strong> <strong>&nbsp;<\/strong><\/td><td>ajdova \u0161tru\u010dka(1a), <strong>jogurt Ego<\/strong>(7)<strong><\/strong><\/td><td>ocvrte pi\u0161\u010dan\u010dje kra\u010dke(1a,3), kus kus(1a), gobova omaka(1a), zelena solata<\/td><td>slanik(1a),&nbsp;sok &nbsp;<\/td><\/tr><tr><td>&nbsp; <strong>\u010cETRTEK<\/strong>, <strong>7. 5.<\/strong> <strong>&nbsp;<\/strong> <strong>&nbsp;<\/strong><\/td><td><strong>kruh<\/strong>(1a), kisla smetana(7), marmelada, bela kava(7), <strong>jabolko (S\u0160SZ)<\/strong><\/td><td>goveji trakci v omaki(1a), du\u0161en ri\u017e, pesa<\/td><td>temna borovni\u010deva pal\u010dka(1ab,3,6,7,12)<\/td><\/tr><tr><td><strong>&nbsp;<\/strong> <strong>PETEK<\/strong>, <strong>8. 5.<\/strong> <strong>&nbsp;<\/strong><\/td><td>sirov burek(1a,3,7), \u010daj<\/td><td>bogra\u010d(1a), kruh(1a), doma\u010de pecivo(1a,3,7)<\/td><td>krekerji(1a), mleko(7)<\/td><\/tr><\/tbody><\/table><\/figure>\n\n\n\n<p><strong>S\u0160SZ &#8211; SHEMA \u0160OLSKEGA SADJA IN ZELENJAVE<\/strong><\/p>\n","protected":false},"excerpt":{"rendered":"<p>PRI JEDILNIKU LAHKO PRIDE DO SPREMEMB ZARADI ODSOTNOSTI KUHARJEV. PROSIMO ZA RAZUMEVANJE. 27. 4. 2026-1. 5. 2026 &#8211; PRVOMAJSKE PO\u010cITNICE JEDILNIK, 4. &#8211; 8. 5. 2026 DAN DOP. MALICA KOSILO POP. MALICA &nbsp; PONEDELJEK,&#46;&#46;&#46;<\/p>\n","protected":false},"author":1,"featured_media":0,"parent":0,"menu_order":0,"comment_status":"closed","ping_status":"closed","template":"","meta":{"footnotes":""},"class_list":["post-198","page","type-page","status-publish","hentry"],"publishpress_future_action":{"enabled":false,"date":"2026-05-07 07:19:01","action":"change-status","newStatus":"draft","terms":[],"taxonomy":"","extraData":[]},"publishpress_future_workflow_manual_trigger":{"enabledWorkflows":[]},"_links":{"self":[{"href":"https:\/\/www.ossjsmlednik.si\/index.php?rest_route=\/wp\/v2\/pages\/198","targetHints":{"allow":["GET"]}}],"collection":[{"href":"https:\/\/www.ossjsmlednik.si\/index.php?rest_route=\/wp\/v2\/pages"}],"about":[{"href":"https:\/\/www.ossjsmlednik.si\/index.php?rest_route=\/wp\/v2\/types\/page"}],"author":[{"embeddable":true,"href":"https:\/\/www.ossjsmlednik.si\/index.php?rest_route=\/wp\/v2\/users\/1"}],"replies":[{"embeddable":true,"href":"https:\/\/www.ossjsmlednik.si\/index.php?rest_route=%2Fwp%2Fv2%2Fcomments&post=198"}],"version-history":[{"count":277,"href":"https:\/\/www.ossjsmlednik.si\/index.php?rest_route=\/wp\/v2\/pages\/198\/revisions"}],"predecessor-version":[{"id":5350,"href":"https:\/\/www.ossjsmlednik.si\/index.php?rest_route=\/wp\/v2\/pages\/198\/revisions\/5350"}],"wp:attachment":[{"href":"https:\/\/www.ossjsmlednik.si\/index.php?rest_route=%2Fwp%2Fv2%2Fmedia&parent=198"}],"curies":[{"name":"wp","href":"https:\/\/api.w.org\/{rel}","templated":true}]}}