{"id":209,"date":"2021-08-10T12:26:39","date_gmt":"2021-08-10T12:26:39","guid":{"rendered":"https:\/\/www.ossjsmlednik.si\/?page_id=209"},"modified":"2021-09-29T07:18:38","modified_gmt":"2021-09-29T07:18:38","slug":"delo-na-daljavo","status":"publish","type":"page","link":"https:\/\/www.ossjsmlednik.si\/?page_id=209","title":{"rendered":"Delo na daljavo"},"content":{"rendered":"\n<p>Delo na daljavo na na\u0161i \u0161oli poteka preko aplikacije <strong>MS Teams<\/strong>. U\u010denci za normalno delo potrebujejo ra\u010dunalnike (tablice ali telefon), povezavo z internetom in svoj AAI ra\u010dun.<\/p>\n\n\n\n<p>Preden se za\u010dne uporabljati MS Teams, se mora vsak u\u010denec vpisati v Oblak 365 z AAI ra\u010dunom.<\/p>\n\n\n\n<p><a href=\"https:\/\/www.ossjsmlednik.si\/wp-content\/uploads\/2021\/09\/Oblak365navodila.pdf\" data-type=\"URL\" data-id=\"https:\/\/www.ossjsmlednik.si\/wp-content\/uploads\/2021\/09\/Oblak365navodila.pdf\" target=\"_blank\" rel=\"noreferrer noopener\">Navodilo za vpis v Oblak 365<\/a><\/p>\n\n\n\n<p><a href=\"https:\/\/www.ossjsmlednik.si\/wp-content\/uploads\/2021\/09\/Navodila-za-aktivacijo-Office-365.pdf\" data-type=\"URL\" data-id=\"https:\/\/www.ossjsmlednik.si\/wp-content\/uploads\/2021\/09\/Navodila-za-aktivacijo-Office-365.pdf\" target=\"_blank\" rel=\"noreferrer noopener\">Navodilo za aktivacijo Office 365<\/a><\/p>\n\n\n\n<p><strong>Kaj je AAI ra\u010dun?<\/strong><\/p>\n\n\n\n<p>Authentication and Authorization Infrastructure \u2013 AAI je eno uporabni\u0161ko ime za vse storitve.<br>Arnes AAI omogo\u010da uporabo enega uporabni\u0161kega ra\u010duna za dostop do \u0161tevilnih razli\u010dnih spletnih storitev v slovenskem ter evropskem izobra\u017eevalnem in raziskovalnem okolju.<\/p>\n\n\n\n<p><br>Arnes AAI povezuje uporabnike in storitve v celoto, kjer pridru\u017eene organizacije lahko same<br>dodeljujejo svojim \u010dlanom (dijakom, \u0161tudentom, u\u010diteljem, zunanjim sodelavcem\u2026) enotno<br>uporabni\u0161ko ime za dostop do razli\u010dnih aplikacij.<br>Na na\u0161i \u0161oli AAI \u017ee nekaj let omogo\u010da <strong>uporabo spletnih u\u010dilnic (MS Teams), dostop do Oblaka 365 <\/strong>in<strong> Office 365 ter vseh s tem povezanih aplikacij ter opravljanje kolesarskih izpitov<\/strong>.<\/p>\n\n\n\n<p><strong>Oblak 365 in Office 365<\/strong><\/p>\n\n\n\n<p class=\"has-text-align-left\">Oblak 365 je spletna aplikacija, ki povezuje ArnesAAI z obla\u010dnimi storitvami Microsoft Office 365.<br>Gre za popolno re\u0161itev: u\u010dencem, u\u010diteljem omogo\u010da brezpla\u010den in enostaven dostop do razli\u010dnih storitev.<br>Office 365 \u2013 brezpla\u010dne obla\u010dne storitve in orodja za sodelovanje in komunikacijo v izobra\u017eevanju.<br>Zdru\u017eljive so z razli\u010dnimi operacijskimi sistemi, kar zagotavlja neovirano in varno mobilno delo z<br>razli\u010dnimi napravami. <\/p>\n","protected":false},"excerpt":{"rendered":"<p>Delo na daljavo na na\u0161i \u0161oli poteka preko aplikacije MS Teams. U\u010denci za normalno delo potrebujejo ra\u010dunalnike (tablice ali telefon), povezavo z internetom in svoj AAI ra\u010dun. Preden se za\u010dne uporabljati MS Teams, se&#46;&#46;&#46;<\/p>\n","protected":false},"author":1,"featured_media":0,"parent":0,"menu_order":0,"comment_status":"closed","ping_status":"closed","template":"","meta":{"footnotes":""},"class_list":["post-209","page","type-page","status-publish","hentry"],"publishpress_future_action":{"enabled":false,"date":"2026-05-09 04:10:57","action":"change-status","newStatus":"draft","terms":[],"taxonomy":"","extraData":[]},"publishpress_future_workflow_manual_trigger":{"enabledWorkflows":[]},"_links":{"self":[{"href":"https:\/\/www.ossjsmlednik.si\/index.php?rest_route=\/wp\/v2\/pages\/209","targetHints":{"allow":["GET"]}}],"collection":[{"href":"https:\/\/www.ossjsmlednik.si\/index.php?rest_route=\/wp\/v2\/pages"}],"about":[{"href":"https:\/\/www.ossjsmlednik.si\/index.php?rest_route=\/wp\/v2\/types\/page"}],"author":[{"embeddable":true,"href":"https:\/\/www.ossjsmlednik.si\/index.php?rest_route=\/wp\/v2\/users\/1"}],"replies":[{"embeddable":true,"href":"https:\/\/www.ossjsmlednik.si\/index.php?rest_route=%2Fwp%2Fv2%2Fcomments&post=209"}],"version-history":[{"count":11,"href":"https:\/\/www.ossjsmlednik.si\/index.php?rest_route=\/wp\/v2\/pages\/209\/revisions"}],"predecessor-version":[{"id":523,"href":"https:\/\/www.ossjsmlednik.si\/index.php?rest_route=\/wp\/v2\/pages\/209\/revisions\/523"}],"wp:attachment":[{"href":"https:\/\/www.ossjsmlednik.si\/index.php?rest_route=%2Fwp%2Fv2%2Fmedia&parent=209"}],"curies":[{"name":"wp","href":"https:\/\/api.w.org\/{rel}","templated":true}]}}