{"id":252,"date":"2021-08-25T08:51:54","date_gmt":"2021-08-25T08:51:54","guid":{"rendered":"https:\/\/www.ossjsmlednik.si\/?page_id=252"},"modified":"2024-01-02T17:48:58","modified_gmt":"2024-01-02T17:48:58","slug":"alergeni","status":"publish","type":"page","link":"https:\/\/www.ossjsmlednik.si\/?page_id=252","title":{"rendered":"Alergeni"},"content":{"rendered":"\n<p><strong>ALERGENI<\/strong><\/p>\n\n\n\n<p>Skladno z uredbo REGULATION EU 1169\/11 \u2013 ANNEX II vas seznanjamo, da v na\u0161i \u0161olski kuhinji rokujemo tudi z \u017eivili, ki so za nekatere uporabnike alergeni, zato smo jih na jedilnikih ustrezno ozna\u010dili.<\/p>\n\n\n\n<p>1 \u2013 <strong>\u017eita<\/strong>, ki vsebujejo <em>gluten;<\/em> a. p\u0161enica (npr. pira in horasan), b. r\u017e, c. je\u010dmen, d. oves<\/p>\n\n\n\n<p>2 \u2013 <strong>raki<\/strong> in izdelki<\/p>\n\n\n\n<p>3 \u2013 <strong>jajca<\/strong> in izdelki<\/p>\n\n\n\n<p>4 \u2013 <strong>ribe<\/strong> in izdelki<\/p>\n\n\n\n<p>5 \u2013 <strong>ara\u0161idi<\/strong> in izdelki<\/p>\n\n\n\n<p>6 \u2013 <strong>soja<\/strong> in izdelki \u2013 <em>lecitin<\/em> (v margarini in \u010dokoladi)<\/p>\n\n\n\n<p>7 \u2013 <strong>mleko<\/strong> in izdelki, ki vsebujejo <em>laktozo<\/em><\/p>\n\n\n\n<p>8 \u2013 <strong>ore\u0161\u010dki<\/strong> (mandlji, le\u0161niki, orehi, indijski ore\u0161\u010dki, ameri\u0161ki orehi, brazilski ore\u0161\u010dki, pistacija, makadamija) in izdelki<\/p>\n\n\n\n<p>9 \u2013 <strong>zelena stebelna<\/strong><\/p>\n\n\n\n<p>10 \u2013 <strong>gor\u010dica<\/strong> in izdelki<\/p>\n\n\n\n<p>11 \u2013 <strong>sezam<\/strong> in izdelki<\/p>\n\n\n\n<p>12 \u2013 <strong>\u017eveplov dioksid in sulfidi<\/strong><\/p>\n\n\n\n<p>13 \u2013 vol\u010dji bob in izdelki<\/p>\n\n\n\n<p>14 \u2013 <strong>mehku\u017eci<\/strong> in izdelki<\/p>\n\n\n\n<p><strong>Za\u010dimbe lahko vsebujejo alergene v sledovih (1,3,6,7,9,10,11)<\/strong><\/p>\n\n\n\n<p>Za vse otroke, ki imajo zdravstvene te\u017eave z zgoraj omenjenimi \u017eivili pripravljamo dietno prehrano.<\/p>\n\n\n\n<p>Dietno prehrano lahko uveljavljajo star\u0161i na podlagi potrdila osebnega zdravnika ali zdravnika specialista in s strani stroke predpisanega jedilnika.<\/p>\n","protected":false},"excerpt":{"rendered":"<p>ALERGENI Skladno z uredbo REGULATION EU 1169\/11 \u2013 ANNEX II vas seznanjamo, da v na\u0161i \u0161olski kuhinji rokujemo tudi z \u017eivili, ki so za nekatere uporabnike alergeni, zato smo jih na jedilnikih ustrezno ozna\u010dili.&#46;&#46;&#46;<\/p>\n","protected":false},"author":1,"featured_media":0,"parent":0,"menu_order":0,"comment_status":"closed","ping_status":"closed","template":"","meta":{"footnotes":""},"class_list":["post-252","page","type-page","status-publish","hentry"],"publishpress_future_action":{"enabled":false,"date":"2026-05-09 04:11:54","action":"change-status","newStatus":"draft","terms":[],"taxonomy":"","extraData":[]},"publishpress_future_workflow_manual_trigger":{"enabledWorkflows":[]},"_links":{"self":[{"href":"https:\/\/www.ossjsmlednik.si\/index.php?rest_route=\/wp\/v2\/pages\/252","targetHints":{"allow":["GET"]}}],"collection":[{"href":"https:\/\/www.ossjsmlednik.si\/index.php?rest_route=\/wp\/v2\/pages"}],"about":[{"href":"https:\/\/www.ossjsmlednik.si\/index.php?rest_route=\/wp\/v2\/types\/page"}],"author":[{"embeddable":true,"href":"https:\/\/www.ossjsmlednik.si\/index.php?rest_route=\/wp\/v2\/users\/1"}],"replies":[{"embeddable":true,"href":"https:\/\/www.ossjsmlednik.si\/index.php?rest_route=%2Fwp%2Fv2%2Fcomments&post=252"}],"version-history":[{"count":3,"href":"https:\/\/www.ossjsmlednik.si\/index.php?rest_route=\/wp\/v2\/pages\/252\/revisions"}],"predecessor-version":[{"id":3056,"href":"https:\/\/www.ossjsmlednik.si\/index.php?rest_route=\/wp\/v2\/pages\/252\/revisions\/3056"}],"wp:attachment":[{"href":"https:\/\/www.ossjsmlednik.si\/index.php?rest_route=%2Fwp%2Fv2%2Fmedia&parent=252"}],"curies":[{"name":"wp","href":"https:\/\/api.w.org\/{rel}","templated":true}]}}