{"id":317,"date":"2021-09-02T07:22:14","date_gmt":"2021-09-02T07:22:14","guid":{"rendered":"https:\/\/www.ossjsmlednik.si\/?page_id=317"},"modified":"2021-09-28T08:53:51","modified_gmt":"2021-09-28T08:53:51","slug":"projekti","status":"publish","type":"page","link":"https:\/\/www.ossjsmlednik.si\/?page_id=317","title":{"rendered":"Projekti"},"content":{"rendered":"\n<p>\u0160ola je vklju\u010dena v \u0161tevilne projekte na \u0161olski, ob\u010dinski, dr\u017eavni in mednarodni ravni.<\/p>\n","protected":false},"excerpt":{"rendered":"<p>\u0160ola je vklju\u010dena v \u0161tevilne projekte na \u0161olski, ob\u010dinski, dr\u017eavni in mednarodni ravni.<\/p>\n","protected":false},"author":1,"featured_media":0,"parent":0,"menu_order":0,"comment_status":"closed","ping_status":"closed","template":"","meta":{"footnotes":""},"class_list":["post-317","page","type-page","status-publish","hentry"],"publishpress_future_action":{"enabled":false,"date":"2026-05-08 19:35:25","action":"change-status","newStatus":"draft","terms":[],"taxonomy":"","extraData":[]},"publishpress_future_workflow_manual_trigger":{"enabledWorkflows":[]},"_links":{"self":[{"href":"https:\/\/www.ossjsmlednik.si\/index.php?rest_route=\/wp\/v2\/pages\/317","targetHints":{"allow":["GET"]}}],"collection":[{"href":"https:\/\/www.ossjsmlednik.si\/index.php?rest_route=\/wp\/v2\/pages"}],"about":[{"href":"https:\/\/www.ossjsmlednik.si\/index.php?rest_route=\/wp\/v2\/types\/page"}],"author":[{"embeddable":true,"href":"https:\/\/www.ossjsmlednik.si\/index.php?rest_route=\/wp\/v2\/users\/1"}],"replies":[{"embeddable":true,"href":"https:\/\/www.ossjsmlednik.si\/index.php?rest_route=%2Fwp%2Fv2%2Fcomments&post=317"}],"version-history":[{"count":2,"href":"https:\/\/www.ossjsmlednik.si\/index.php?rest_route=\/wp\/v2\/pages\/317\/revisions"}],"predecessor-version":[{"id":499,"href":"https:\/\/www.ossjsmlednik.si\/index.php?rest_route=\/wp\/v2\/pages\/317\/revisions\/499"}],"wp:attachment":[{"href":"https:\/\/www.ossjsmlednik.si\/index.php?rest_route=%2Fwp%2Fv2%2Fmedia&parent=317"}],"curies":[{"name":"wp","href":"https:\/\/api.w.org\/{rel}","templated":true}]}}