{"id":318,"date":"2021-09-02T07:22:14","date_gmt":"2021-09-02T07:22:14","guid":{"rendered":"https:\/\/www.ossjsmlednik.si\/?page_id=318"},"modified":"2021-09-02T07:29:09","modified_gmt":"2021-09-02T07:29:09","slug":"spletne-brihte","status":"publish","type":"page","link":"https:\/\/www.ossjsmlednik.si\/?page_id=318","title":{"rendered":"Spletne brihte"},"content":{"rendered":"\n<p>A1 Slovenija v sodelovanju z zavodom Varni internet ponuja\u00a0<strong>brezpla\u010dna izobra\u017eevalna do\u017eivetja o skritih pasteh spleta.<\/strong>\u00a0Spletne brihte bodo osnovno\u0161olce od 4. razreda naprej opremile s potrebnimi ve\u0161\u010dinami za varno rabo interneta ter jim dale ustrezna znanja in samozavest, da bodo pripravljeni tudi za \u017eivljenje na spletu.<\/p>\n\n\n\n<p>Ve\u010d o projektu <a rel=\"noreferrer noopener\" href=\"https:\/\/www.varniinternet.si\/\" data-type=\"URL\" data-id=\"https:\/\/www.varniinternet.si\/\" target=\"_blank\">Spletne brihte<\/a>.<\/p>\n\n\n\n<p><strong>Program izobra\u017eevanja:<\/strong><\/p>\n\n\n\n<p><strong>9. september 2021\u00a0<\/strong>(vzporedno z dvema predavateljema)<\/p>\n\n\n\n<p>Predavateljica<\/p>\n\n\n\n<p>4A od 8.30 &#8211; 10.30 ure (20 u\u010dencev)<\/p>\n\n\n\n<p>4B od 10.35 &#8211; 12.10 ure (20 u\u010dencev)<\/p>\n\n\n\n<p>6A od 12.15 &#8211; 13.50 ure (19 u\u010dencev)<\/p>\n\n\n\n<p>Predavatelj<\/p>\n\n\n\n<p>7A od 8.30 &#8211; 10.30 ure (20 u\u010dencev)<\/p>\n\n\n\n<p>7B od 10.35 &#8211; 12.10 ure (19 u\u010dencev)<\/p>\n\n\n\n<p>9A od 12.15 &#8211; 13.50 ure (19 u\u010dencev)<\/p>\n\n\n\n<p><strong>10. september 2021&nbsp;<\/strong>(vzporedno z dvema predavateljema)<\/p>\n\n\n\n<p>Predavateljica<\/p>\n\n\n\n<p>5A od 8.30 &#8211; 10.30 ure (15 u\u010dencev)<\/p>\n\n\n\n<p>5B od 10.35 &#8211; 12.10 ure (15 u\u010dencev)<\/p>\n\n\n\n<p>6B od 12.15 &#8211; 13.50 ure (19 u\u010dencev)<\/p>\n\n\n\n<p>Predavatelj<\/p>\n\n\n\n<p>8A od 8.30 &#8211; 10.30 ure (16 u\u010dencev)<\/p>\n\n\n\n<p>8B od 10.35 &#8211; 12.10 ure (19 u\u010dencev)<\/p>\n\n\n\n<p>9B od 12.15 &#8211; 13.50 ure (16 u\u010dencev)<\/p>\n","protected":false},"excerpt":{"rendered":"<p>A1 Slovenija v sodelovanju z zavodom Varni internet ponuja\u00a0brezpla\u010dna izobra\u017eevalna do\u017eivetja o skritih pasteh spleta.\u00a0Spletne brihte bodo osnovno\u0161olce od 4. razreda naprej opremile s potrebnimi ve\u0161\u010dinami za varno rabo interneta ter jim dale ustrezna&#46;&#46;&#46;<\/p>\n","protected":false},"author":1,"featured_media":0,"parent":0,"menu_order":0,"comment_status":"closed","ping_status":"closed","template":"","meta":{"footnotes":""},"class_list":["post-318","page","type-page","status-publish","hentry"],"publishpress_future_action":{"enabled":false,"date":"2026-05-07 21:32:20","action":"change-status","newStatus":"draft","terms":[],"taxonomy":"","extraData":[]},"publishpress_future_workflow_manual_trigger":{"enabledWorkflows":[]},"_links":{"self":[{"href":"https:\/\/www.ossjsmlednik.si\/index.php?rest_route=\/wp\/v2\/pages\/318","targetHints":{"allow":["GET"]}}],"collection":[{"href":"https:\/\/www.ossjsmlednik.si\/index.php?rest_route=\/wp\/v2\/pages"}],"about":[{"href":"https:\/\/www.ossjsmlednik.si\/index.php?rest_route=\/wp\/v2\/types\/page"}],"author":[{"embeddable":true,"href":"https:\/\/www.ossjsmlednik.si\/index.php?rest_route=\/wp\/v2\/users\/1"}],"replies":[{"embeddable":true,"href":"https:\/\/www.ossjsmlednik.si\/index.php?rest_route=%2Fwp%2Fv2%2Fcomments&post=318"}],"version-history":[{"count":2,"href":"https:\/\/www.ossjsmlednik.si\/index.php?rest_route=\/wp\/v2\/pages\/318\/revisions"}],"predecessor-version":[{"id":325,"href":"https:\/\/www.ossjsmlednik.si\/index.php?rest_route=\/wp\/v2\/pages\/318\/revisions\/325"}],"wp:attachment":[{"href":"https:\/\/www.ossjsmlednik.si\/index.php?rest_route=%2Fwp%2Fv2%2Fmedia&parent=318"}],"curies":[{"name":"wp","href":"https:\/\/api.w.org\/{rel}","templated":true}]}}