{"id":42,"date":"2021-08-09T03:21:22","date_gmt":"2021-08-09T03:21:22","guid":{"rendered":"https:\/\/www.ossjsmlednik.si\/?page_id=42"},"modified":"2025-09-05T07:58:48","modified_gmt":"2025-09-05T07:58:48","slug":"vodstvo-sole","status":"publish","type":"page","link":"https:\/\/www.ossjsmlednik.si\/?page_id=42","title":{"rendered":"Vodstvo \u0161ole"},"content":{"rendered":"\n<figure class=\"wp-block-table is-style-regular\"><table><thead><tr><th scope=\"col\">Vodstvo<\/th><th scope=\"col\">Druge telefonske \u0161tevilke<\/th><\/tr><\/thead><tbody><tr><td><strong>Ravnatelj:<\/strong><br><a href=\"&#109;&#x61;&#105;&#x6c;t&#111;&#x3a;&#109;&#x61;r&#x6b;o&#46;&#x76;&#97;&#x6c;e&#x6e;&#x63;&#105;&#x63;&#64;&#x67;u&#101;&#x73;&#116;&#x2e;a&#x72;n&#101;&#x73;&#46;&#x73;i\">Marko Valen\u010di\u010d<\/a> Tel.: 01 362 52 51GSM: 031 305 042<br><strong>Pomo\u010dnica ravnatelja:<\/strong><br>Ur\u0161ka Podgor\u0161ek <a href=\"&#x6d;a&#x69;&#108;&#x74;&#111;&#x3a;&#x75;r&#x73;&#107;&#x61;&#112;&#x40;&#111;s&#x73;&#106;&#x73;&#109;&#x6c;&#101;d&#x6e;&#105;&#x6b;&#46;&#x73;&#105;\">&#117;&#x72;&#115;&#x6b;&#97;&#x70;&#64;&#x6f;s&#115;&#x6a;&#115;&#x6d;&#108;&#x65;d&#x6e;i&#107;&#x2e;&#115;&#x69;<\/a><br>Tel: 01 362 52 68<br><strong>Poslovna sekretarka:<\/strong><br><a href=\"m&#97;&#x69;&#x6c;t&#111;&#58;&#x69;&#x6e;f&#111;&#64;&#x6f;&#x73;s&#106;&#x73;&#x6d;&#x6c;e&#100;&#x6e;&#x69;k&#46;&#115;&#x69;\">Emira Reki\u0107<\/a><br>Tel.: 01 362 52 50<br><strong>Ra\u010dunovodkinja:<\/strong><br><a href=\"ma&#105;&#108;&#116;&#111;&#x3a;&#x72;&#x61;&#x63;&#x75;no&#118;&#111;&#100;&#115;&#x74;&#x76;&#x6f;&#x2e;&#x6f;s-&#115;&#105;&#109;&#111;&#x6e;&#x2d;&#x6a;&#x65;&#x6e;ko&#64;&#103;&#117;&#101;&#x73;&#x74;&#x2e;&#x61;&#x72;nes&#46;&#115;&#105;\">Tadeja Vrtnik<\/a><br>Tel.: 01 362 52 52<br><strong>Svetovalni delavec:<\/strong><br><a href=\"&#109;&#x61;i&#x6c;&#x74;&#111;&#x3a;g&#x72;&#x65;&#103;&#x6f;r&#x2e;&#x73;&#101;&#x6d;e&#x40;&#x67;&#117;&#x65;s&#x74;&#x2e;&#97;&#x72;n&#x65;&#x73;&#46;&#x73;i?subject=Kontakt\">Gregor Seme<\/a><br>Tel.: 01 362 52 54<br><br><\/td><td><strong>Zbornica 1. triada<\/strong>:<br>Tel.: 01 362 52 53<br><strong>Zbornica 2. in 3. triada<\/strong>:<br>Tel.: 01 362 52 55<br><strong>Knji\u017enica<\/strong>:<br>Tel.: 01 362 52 57<br><strong>Kuhinja<\/strong>:<br>Tel.: 01 362 52 60<br><strong>Hi\u0161nik<\/strong>:<br>Tel.: 01 362 52 59<br>&nbsp;&nbsp;<\/td><\/tr><\/tbody><\/table><\/figure>\n\n\n\n<p><\/p>\n","protected":false},"excerpt":{"rendered":"<p>Vodstvo Druge telefonske \u0161tevilke Ravnatelj:Marko Valen\u010di\u010d Tel.: 01 362 52 51GSM: 031 305 042Pomo\u010dnica ravnatelja:Ur\u0161ka Podgor\u0161ek ur&#115;&#107;&#97;&#112;&#x40;&#x6f;&#x73;&#x73;&#x6a;sm&#108;&#101;&#100;&#110;&#x69;&#x6b;&#x2e;&#x73;&#x69;Tel: 01 362 52 68Poslovna sekretarka:Emira Reki\u0107Tel.: 01 362 52 50Ra\u010dunovodkinja:Tadeja VrtnikTel.: 01 362 52 52Svetovalni delavec:Gregor SemeTel.:&#46;&#46;&#46;<\/p>\n","protected":false},"author":1,"featured_media":0,"parent":0,"menu_order":0,"comment_status":"closed","ping_status":"closed","template":"","meta":{"footnotes":""},"class_list":["post-42","page","type-page","status-publish","hentry"],"publishpress_future_action":{"enabled":false,"date":"2026-05-11 09:38:58","action":"change-status","newStatus":"draft","terms":[],"taxonomy":"","extraData":[]},"publishpress_future_workflow_manual_trigger":{"enabledWorkflows":[]},"_links":{"self":[{"href":"https:\/\/www.ossjsmlednik.si\/index.php?rest_route=\/wp\/v2\/pages\/42","targetHints":{"allow":["GET"]}}],"collection":[{"href":"https:\/\/www.ossjsmlednik.si\/index.php?rest_route=\/wp\/v2\/pages"}],"about":[{"href":"https:\/\/www.ossjsmlednik.si\/index.php?rest_route=\/wp\/v2\/types\/page"}],"author":[{"embeddable":true,"href":"https:\/\/www.ossjsmlednik.si\/index.php?rest_route=\/wp\/v2\/users\/1"}],"replies":[{"embeddable":true,"href":"https:\/\/www.ossjsmlednik.si\/index.php?rest_route=%2Fwp%2Fv2%2Fcomments&post=42"}],"version-history":[{"count":8,"href":"https:\/\/www.ossjsmlednik.si\/index.php?rest_route=\/wp\/v2\/pages\/42\/revisions"}],"predecessor-version":[{"id":4653,"href":"https:\/\/www.ossjsmlednik.si\/index.php?rest_route=\/wp\/v2\/pages\/42\/revisions\/4653"}],"wp:attachment":[{"href":"https:\/\/www.ossjsmlednik.si\/index.php?rest_route=%2Fwp%2Fv2%2Fmedia&parent=42"}],"curies":[{"name":"wp","href":"https:\/\/api.w.org\/{rel}","templated":true}]}}