{"id":440,"date":"2021-09-22T09:48:08","date_gmt":"2021-09-22T09:48:08","guid":{"rendered":"https:\/\/www.ossjsmlednik.si\/?page_id=440"},"modified":"2022-02-15T10:11:42","modified_gmt":"2022-02-15T10:11:42","slug":"erasmus","status":"publish","type":"page","link":"https:\/\/www.ossjsmlednik.si\/?page_id=440","title":{"rendered":"Erasmus+"},"content":{"rendered":"\n<p><a href=\"https:\/\/sjerasmus.splet.arnes.si\/\" data-type=\"URL\" data-id=\"https:\/\/sjerasmus.splet.arnes.si\/\" target=\"_blank\" rel=\"noreferrer noopener\">Passport\u00a0to\u00a0Health<\/a>,\u00a0<\/p>\n\n\n\n<p>Erasmus&nbsp;project&nbsp;<\/p>\n\n\n\n<p>6. &#8211; 9.r<\/p>\n\n\n\n<p>Poland, Germany,&nbsp;Greece,&nbsp;Romania,&nbsp;Slovenia&nbsp;and&nbsp;Spain&nbsp;<\/p>\n\n\n\n<p>Glavni cilj projekta je, da se v dejavnosti za zdrav na\u010din \u017eivljenja vklju\u010dijo u\u010denci s posebnimi potrebami, u\u010denci&nbsp;z&nbsp;odlo\u010dbami&nbsp;in u\u010denci s prekomerno telesno te\u017eo. V projekt smo se vklju\u010dili, da poka\u017eemo partnerskim dr\u017eavam, da je ta segment izobra\u017eevanja tudi pri nas mogo\u010de uresni\u010diti.&nbsp;<\/p>\n","protected":false},"excerpt":{"rendered":"<p>Passport\u00a0to\u00a0Health,\u00a0 Erasmus&nbsp;project&nbsp; 6. &#8211; 9.r Poland, Germany,&nbsp;Greece,&nbsp;Romania,&nbsp;Slovenia&nbsp;and&nbsp;Spain&nbsp; Glavni cilj projekta je, da se v dejavnosti za zdrav na\u010din \u017eivljenja vklju\u010dijo u\u010denci s posebnimi potrebami, u\u010denci&nbsp;z&nbsp;odlo\u010dbami&nbsp;in u\u010denci s prekomerno telesno te\u017eo. V projekt smo se&#46;&#46;&#46;<\/p>\n","protected":false},"author":1,"featured_media":0,"parent":0,"menu_order":0,"comment_status":"closed","ping_status":"closed","template":"","meta":{"footnotes":""},"class_list":["post-440","page","type-page","status-publish","hentry"],"publishpress_future_action":{"enabled":false,"date":"2026-05-09 04:12:19","action":"change-status","newStatus":"draft","terms":[],"taxonomy":"","extraData":[]},"publishpress_future_workflow_manual_trigger":{"enabledWorkflows":[]},"_links":{"self":[{"href":"https:\/\/www.ossjsmlednik.si\/index.php?rest_route=\/wp\/v2\/pages\/440","targetHints":{"allow":["GET"]}}],"collection":[{"href":"https:\/\/www.ossjsmlednik.si\/index.php?rest_route=\/wp\/v2\/pages"}],"about":[{"href":"https:\/\/www.ossjsmlednik.si\/index.php?rest_route=\/wp\/v2\/types\/page"}],"author":[{"embeddable":true,"href":"https:\/\/www.ossjsmlednik.si\/index.php?rest_route=\/wp\/v2\/users\/1"}],"replies":[{"embeddable":true,"href":"https:\/\/www.ossjsmlednik.si\/index.php?rest_route=%2Fwp%2Fv2%2Fcomments&post=440"}],"version-history":[{"count":3,"href":"https:\/\/www.ossjsmlednik.si\/index.php?rest_route=\/wp\/v2\/pages\/440\/revisions"}],"predecessor-version":[{"id":1140,"href":"https:\/\/www.ossjsmlednik.si\/index.php?rest_route=\/wp\/v2\/pages\/440\/revisions\/1140"}],"wp:attachment":[{"href":"https:\/\/www.ossjsmlednik.si\/index.php?rest_route=%2Fwp%2Fv2%2Fmedia&parent=440"}],"curies":[{"name":"wp","href":"https:\/\/api.w.org\/{rel}","templated":true}]}}