{"id":457,"date":"2021-09-22T10:01:11","date_gmt":"2021-09-22T10:01:11","guid":{"rendered":"https:\/\/www.ossjsmlednik.si\/?page_id=457"},"modified":"2021-09-22T10:04:28","modified_gmt":"2021-09-22T10:04:28","slug":"dekd-dober-tek","status":"publish","type":"page","link":"https:\/\/www.ossjsmlednik.si\/?page_id=457","title":{"rendered":"DEKD: dober tek"},"content":{"rendered":"\n<p>1.a in 1.b<\/p>\n\n\n\n<p>S temo Dober tek! se pridru\u017eujemo aktivnostim ob imenovanju Slovenije za nosilko naziva Evropska gastronomska regija 2021. Slovenija si bo z nazivom prizadevala dose\u010di bolj\u0161o kakovost \u017eivljenja v na\u0161i regiji, in sicer s poudarjanjem edinstvene kulinari\u010dne kulture, izobra\u017eevanji za bolj zdravo in sonaravno \u017eivljenje ter spodbujanjem inovativnosti v gastronomiji.\u00a0<\/p>\n","protected":false},"excerpt":{"rendered":"<p>1.a in 1.b S temo Dober tek! se pridru\u017eujemo aktivnostim ob imenovanju Slovenije za nosilko naziva Evropska gastronomska regija 2021. Slovenija si bo z nazivom prizadevala dose\u010di bolj\u0161o kakovost \u017eivljenja v na\u0161i regiji, in&#46;&#46;&#46;<\/p>\n","protected":false},"author":1,"featured_media":0,"parent":0,"menu_order":0,"comment_status":"closed","ping_status":"closed","template":"","meta":{"footnotes":""},"class_list":["post-457","page","type-page","status-publish","hentry"],"publishpress_future_action":{"enabled":false,"date":"2026-05-09 04:09:46","action":"change-status","newStatus":"draft","terms":[],"taxonomy":"","extraData":[]},"publishpress_future_workflow_manual_trigger":{"enabledWorkflows":[]},"_links":{"self":[{"href":"https:\/\/www.ossjsmlednik.si\/index.php?rest_route=\/wp\/v2\/pages\/457","targetHints":{"allow":["GET"]}}],"collection":[{"href":"https:\/\/www.ossjsmlednik.si\/index.php?rest_route=\/wp\/v2\/pages"}],"about":[{"href":"https:\/\/www.ossjsmlednik.si\/index.php?rest_route=\/wp\/v2\/types\/page"}],"author":[{"embeddable":true,"href":"https:\/\/www.ossjsmlednik.si\/index.php?rest_route=\/wp\/v2\/users\/1"}],"replies":[{"embeddable":true,"href":"https:\/\/www.ossjsmlednik.si\/index.php?rest_route=%2Fwp%2Fv2%2Fcomments&post=457"}],"version-history":[{"count":2,"href":"https:\/\/www.ossjsmlednik.si\/index.php?rest_route=\/wp\/v2\/pages\/457\/revisions"}],"predecessor-version":[{"id":475,"href":"https:\/\/www.ossjsmlednik.si\/index.php?rest_route=\/wp\/v2\/pages\/457\/revisions\/475"}],"wp:attachment":[{"href":"https:\/\/www.ossjsmlednik.si\/index.php?rest_route=%2Fwp%2Fv2%2Fmedia&parent=457"}],"curies":[{"name":"wp","href":"https:\/\/api.w.org\/{rel}","templated":true}]}}