{"id":4575,"date":"2025-07-02T08:53:36","date_gmt":"2025-07-02T08:53:36","guid":{"rendered":"https:\/\/www.ossjsmlednik.si\/?page_id=4575"},"modified":"2025-11-03T09:42:39","modified_gmt":"2025-11-03T09:42:39","slug":"informacije-javnega-znacaja","status":"publish","type":"page","link":"https:\/\/www.ossjsmlednik.si\/?page_id=4575","title":{"rendered":"Informacije javnega zna\u010daja"},"content":{"rendered":"\n<div data-wp-interactive=\"core\/file\" class=\"wp-block-file\"><object data-wp-bind--hidden=\"!state.hasPdfPreview\" hidden class=\"wp-block-file__embed\" data=\"https:\/\/www.ossjsmlednik.si\/wp-content\/uploads\/2025\/11\/Odlok-o-ustanovitvi-Javnega-vzgojno-izobrazevalnega-zavoda-Osnovna-sola-SImona-Jenka-Uradno-precisceno-besedilo-UPB-1.pdf\" type=\"application\/pdf\" style=\"width:100%;height:600px\" aria-label=\"Vdelava Odlok o ustanovitvi Javnega vzgojno-izobra\u017eevalnega zavoda Osnovna \u0161ola SImona Jenka (Uradno pre\u010di\u0161\u010deno besedilo) (UPB 1)\"><\/object><a id=\"wp-block-file--media-7ac1f779-03cb-4db6-a9c8-732434acc038\" href=\"https:\/\/www.ossjsmlednik.si\/wp-content\/uploads\/2025\/11\/Odlok-o-ustanovitvi-Javnega-vzgojno-izobrazevalnega-zavoda-Osnovna-sola-SImona-Jenka-Uradno-precisceno-besedilo-UPB-1.pdf\">Odlok o ustanovitvi Javnega vzgojno-izobra\u017eevalnega zavoda Osnovna \u0161ola SImona Jenka (Uradno pre\u010di\u0161\u010deno besedilo) (UPB 1)<\/a><a href=\"https:\/\/www.ossjsmlednik.si\/wp-content\/uploads\/2025\/11\/Odlok-o-ustanovitvi-Javnega-vzgojno-izobrazevalnega-zavoda-Osnovna-sola-SImona-Jenka-Uradno-precisceno-besedilo-UPB-1.pdf\" class=\"wp-block-file__button wp-element-button\" download aria-describedby=\"wp-block-file--media-7ac1f779-03cb-4db6-a9c8-732434acc038\">Prenos<\/a><\/div>\n\n\n\n<div data-wp-interactive=\"core\/file\" class=\"wp-block-file\"><object data-wp-bind--hidden=\"!state.hasPdfPreview\" hidden class=\"wp-block-file__embed\" data=\"https:\/\/www.ossjsmlednik.si\/wp-content\/uploads\/2025\/07\/informacije-javnega-znacajaposodob2025-1.pdf\" type=\"application\/pdf\" style=\"width:100%;height:600px\" aria-label=\"Vdelava informacije-javnega-znacajaposodob2025\"><\/object><a id=\"wp-block-file--media-4d753a6a-badd-4d01-a4f2-b226025f8bfa\" href=\"https:\/\/www.ossjsmlednik.si\/wp-content\/uploads\/2025\/07\/informacije-javnega-znacajaposodob2025-1.pdf\">informacije-javnega-znacajaposodob2025<\/a><a href=\"https:\/\/www.ossjsmlednik.si\/wp-content\/uploads\/2025\/07\/informacije-javnega-znacajaposodob2025-1.pdf\" class=\"wp-block-file__button wp-element-button\" download aria-describedby=\"wp-block-file--media-4d753a6a-badd-4d01-a4f2-b226025f8bfa\">Prenos<\/a><\/div>\n","protected":false},"excerpt":{"rendered":"","protected":false},"author":1,"featured_media":0,"parent":0,"menu_order":0,"comment_status":"closed","ping_status":"closed","template":"","meta":{"footnotes":""},"class_list":["post-4575","page","type-page","status-publish","hentry"],"publishpress_future_action":{"enabled":false,"date":"2026-05-09 02:43:37","action":"change-status","newStatus":"draft","terms":[],"taxonomy":"","extraData":[]},"publishpress_future_workflow_manual_trigger":{"enabledWorkflows":[]},"_links":{"self":[{"href":"https:\/\/www.ossjsmlednik.si\/index.php?rest_route=\/wp\/v2\/pages\/4575","targetHints":{"allow":["GET"]}}],"collection":[{"href":"https:\/\/www.ossjsmlednik.si\/index.php?rest_route=\/wp\/v2\/pages"}],"about":[{"href":"https:\/\/www.ossjsmlednik.si\/index.php?rest_route=\/wp\/v2\/types\/page"}],"author":[{"embeddable":true,"href":"https:\/\/www.ossjsmlednik.si\/index.php?rest_route=\/wp\/v2\/users\/1"}],"replies":[{"embeddable":true,"href":"https:\/\/www.ossjsmlednik.si\/index.php?rest_route=%2Fwp%2Fv2%2Fcomments&post=4575"}],"version-history":[{"count":3,"href":"https:\/\/www.ossjsmlednik.si\/index.php?rest_route=\/wp\/v2\/pages\/4575\/revisions"}],"predecessor-version":[{"id":4761,"href":"https:\/\/www.ossjsmlednik.si\/index.php?rest_route=\/wp\/v2\/pages\/4575\/revisions\/4761"}],"wp:attachment":[{"href":"https:\/\/www.ossjsmlednik.si\/index.php?rest_route=%2Fwp%2Fv2%2Fmedia&parent=4575"}],"curies":[{"name":"wp","href":"https:\/\/api.w.org\/{rel}","templated":true}]}}