{"id":458,"date":"2021-09-22T10:01:11","date_gmt":"2021-09-22T10:01:11","guid":{"rendered":"https:\/\/www.ossjsmlednik.si\/?page_id=458"},"modified":"2021-09-22T10:06:35","modified_gmt":"2021-09-22T10:06:35","slug":"nasa-mala-knjiznica","status":"publish","type":"page","link":"https:\/\/www.ossjsmlednik.si\/?page_id=458","title":{"rendered":"Na\u0161a mala knji\u017enica"},"content":{"rendered":"\n<p>Prvi do peti razred<\/p>\n\n\n\n<p>Projekt Na\u0161a mala knji\u017enica je namenjen promociji bralne kulture ter evropskih avtorjev in ilustratorjev, ki so uveljavljeni v domovini, ne pa nujno v drugih evropskih dr\u017eavah. Projekt pod okriljem KUD Sodobnost\u00a0International\u00a0\u017eeli vzgajati mlade bralce, ki se bodo ob knjigi zabavali, krepili svojo ustvarjalnost ter mo\u010d lastnega izra\u017eanja.<\/p>\n","protected":false},"excerpt":{"rendered":"<p>Prvi do peti razred Projekt Na\u0161a mala knji\u017enica je namenjen promociji bralne kulture ter evropskih avtorjev in ilustratorjev, ki so uveljavljeni v domovini, ne pa nujno v drugih evropskih dr\u017eavah. Projekt pod okriljem KUD&#46;&#46;&#46;<\/p>\n","protected":false},"author":1,"featured_media":0,"parent":0,"menu_order":0,"comment_status":"closed","ping_status":"closed","template":"","meta":{"footnotes":""},"class_list":["post-458","page","type-page","status-publish","hentry"],"publishpress_future_action":{"enabled":false,"date":"2026-05-09 04:12:56","action":"change-status","newStatus":"draft","terms":[],"taxonomy":"","extraData":[]},"publishpress_future_workflow_manual_trigger":{"enabledWorkflows":[]},"_links":{"self":[{"href":"https:\/\/www.ossjsmlednik.si\/index.php?rest_route=\/wp\/v2\/pages\/458","targetHints":{"allow":["GET"]}}],"collection":[{"href":"https:\/\/www.ossjsmlednik.si\/index.php?rest_route=\/wp\/v2\/pages"}],"about":[{"href":"https:\/\/www.ossjsmlednik.si\/index.php?rest_route=\/wp\/v2\/types\/page"}],"author":[{"embeddable":true,"href":"https:\/\/www.ossjsmlednik.si\/index.php?rest_route=\/wp\/v2\/users\/1"}],"replies":[{"embeddable":true,"href":"https:\/\/www.ossjsmlednik.si\/index.php?rest_route=%2Fwp%2Fv2%2Fcomments&post=458"}],"version-history":[{"count":2,"href":"https:\/\/www.ossjsmlednik.si\/index.php?rest_route=\/wp\/v2\/pages\/458\/revisions"}],"predecessor-version":[{"id":477,"href":"https:\/\/www.ossjsmlednik.si\/index.php?rest_route=\/wp\/v2\/pages\/458\/revisions\/477"}],"wp:attachment":[{"href":"https:\/\/www.ossjsmlednik.si\/index.php?rest_route=%2Fwp%2Fv2%2Fmedia&parent=458"}],"curies":[{"name":"wp","href":"https:\/\/api.w.org\/{rel}","templated":true}]}}