{"id":48,"date":"2021-08-09T03:25:40","date_gmt":"2021-08-09T03:25:40","guid":{"rendered":"https:\/\/www.ossjsmlednik.si\/?page_id=48"},"modified":"2026-03-06T07:06:36","modified_gmt":"2026-03-06T07:06:36","slug":"ucitelji-na-soli","status":"publish","type":"page","link":"https:\/\/www.ossjsmlednik.si\/?page_id=48","title":{"rendered":"U\u010ditelji na \u0161oli"},"content":{"rendered":"\n<figure class=\"wp-block-table\"><table><tbody><tr><td>R<strong>azred<\/strong><\/td><td><strong>Razredniki<\/strong><\/td><td><strong>E po\u0161ta<\/strong><\/td><\/tr><tr><td>1.a<\/td><td>Erna Kru\u0161nik, Nata\u0161a Majeti\u010d <\/td><td><a href=\"&#x6d;a&#x69;&#108;t&#x6f;&#58;&#x65;&#114;n&#x61;&#107;&#x40;&#111;s&#x73;&#106;&#x73;&#x6d;l&#x65;&#100;n&#x69;&#107;&#x2e;&#115;i\">&#101;&#x72;&#x6e;a&#107;&#x40;&#x6f;s&#115;&#x6a;s&#109;&#x6c;&#x65;d&#110;&#x69;k&#46;&#x73;&#x69;<\/a>, <a href=\"&#109;&#x61;&#x69;l&#116;&#x6f;&#x3a;m&#97;&#x6a;e&#116;&#x69;&#x63;n&#97;&#x74;a&#115;&#x61;&#x40;g&#109;&#x61;&#x69;&#108;&#x2e;&#x63;o&#109;\" target=\"_blank\" rel=\"noreferrer noopener\">majeticnatasa&#64;gmail&#46;com<\/a><\/td><\/tr><tr><td>1.b<\/td><td>Jo\u0161t Rapi\u010d Janja<\/td><td><a href=\"&#x6d;&#x61;&#x69;&#x6c;&#x74;&#x6f;&#x3a;&#x6a;&#x61;&#x6e;&#x6a;&#x61;&#x6a;&#x40;&#x6f;&#x73;&#x73;&#x6a;&#x73;&#x6d;&#x6c;&#x65;&#x64;&#x6e;&#x69;&#x6b;&#x2e;&#x73;&#x69;\">&#106;&#x61;&#110;&#x6a;a&#106;&#x40;&#111;&#x73;s&#x6a;s&#109;&#x6c;&#101;&#x64;n&#x69;&#x6b;&#46;&#x73;i<\/a><\/td><\/tr><tr><td>2.a<\/td><td>Barbara Kop\u0161e<\/td><td><a href=\"&#x6d;&#x61;&#x69;&#x6c;&#x74;&#111;&#58;&#98;&#97;rba&#x72;&#x61;&#x2e;&#x6b;&#x6f;&#x70;&#115;&#101;&#64;oss&#x6a;&#x73;&#x6d;&#x6c;&#x65;&#x64;&#110;&#105;&#107;&#46;si\">b&#97;&#x72;&#x62;a&#114;&#97;&#x2e;&#x6b;o&#112;&#115;&#x65;&#x40;o&#115;&#x73;&#x6a;&#x73;m&#108;&#x65;&#x64;n&#105;&#107;&#x2e;&#x73;i<\/a><\/td><\/tr><tr><td>2.b<\/td><td>Katarina Kalan<\/td><td><a href=\"&#x6d;&#x61;&#x69;&#x6c;&#x74;&#x6f;&#x3a;&#x6b;&#x61;&#x74;&#x61;&#x72;&#x69;&#x6e;&#97;&#46;&#107;&#97;&#108;&#97;&#110;&#64;&#111;&#115;&#115;jsmledni&#x6b;&#x2e;&#x73;&#x69;\">kat&#97;&#114;&#105;&#x6e;&#x61;&#x2e;&#x6b;&#x61;&#x6c;an&#64;&#111;&#115;&#115;&#106;&#x73;&#x6d;&#x6c;&#x65;&#x64;&#x6e;ik&#46;&#115;&#105;<\/a><\/td><\/tr><tr><td>3.a<\/td><td>\u0160pela Kri\u017eaj<\/td><td><a href=\"m&#97;&#105;&#x6c;&#x74;&#x6f;&#x3a;s&#112;&#101;&#108;&#x61;&#x6b;&#x40;os&#115;&#106;&#x73;&#x6d;&#x6c;ed&#110;&#105;&#x6b;&#x2e;&#x73;i\" target=\"_blank\" rel=\"noreferrer noopener\">&#115;p&#x65;l&#x61;k&#x40;&#111;&#x73;&#115;&#x6a;&#115;m&#x6c;e&#x64;n&#x69;&#107;&#x2e;&#115;&#x69;<\/a><\/td><\/tr><tr><td>3.b<\/td><td>Mateja Jeraj<\/td><td><a href=\"&#109;&#x61;&#105;&#x6c;&#116;&#x6f;&#58;&#x6d;a&#x74;e&#x6a;a&#x6a;&#64;&#111;&#x73;&#115;&#x6a;&#115;&#x6d;&#108;&#x65;&#100;&#x6e;i&#x6b;&#46;&#x73;i\">&#x6d;&#x61;&#x74;&#x65;&#106;&#97;&#106;&#64;oss&#x6a;&#x73;&#x6d;&#x6c;&#x65;&#100;&#110;&#105;k&#46;s&#x69;<\/a><\/td><\/tr><tr><td>4.a<\/td><td>Ana Ko\u0161orok<\/td><td><a href=\"&#109;&#x61;i&#108;&#x74;o&#58;&#x61;n&#x61;&#x62;&#64;&#x6f;s&#115;&#x6a;s&#109;&#x6c;e&#x64;&#x6e;&#105;&#x6b;&#x2e;&#115;&#x69;\" target=\"_blank\" rel=\"noreferrer noopener\">anab&#64;&#111;&#115;&#115;&#106;&#x73;&#x6d;&#x6c;&#x65;&#x64;&#x6e;&#x69;k&#46;si<\/a><\/td><\/tr><tr><td>4.b<\/td><td>Maja Kegl<\/td><td><a href=\"&#109;&#x61;i&#x6c;&#x74;&#111;&#x3a;m&#97;&#x6a;&#97;&#x6b;&#64;&#111;&#x73;s&#x6a;s&#109;&#x6c;e&#x64;&#x6e;&#105;&#x6b;&#46;&#115;&#x69;\">&#109;&#x61;&#106;&#x61;k&#x40;o&#115;&#x73;&#106;&#x73;&#109;&#x6c;e&#x64;n&#105;&#x6b;&#46;&#x73;i<\/a><\/td><\/tr><tr><td>5.a<\/td><td>Tja\u0161a \u010ceba\u0161ek<\/td><td><a href=\"mail&#116;&#111;&#58;&#116;&#106;&#x61;&#x73;&#x61;&#x63;&#x40;&#x6f;&#x73;sjsm&#108;&#101;&#100;&#110;&#105;&#x6b;&#x2e;&#x73;&#x69;\">&#116;&#x6a;a&#x73;&#x61;&#99;&#x40;o&#115;&#x73;&#106;&#x73;m&#108;&#x65;d&#x6e;i&#107;&#x2e;s&#x69;<\/a><a href=\"&#109;&#97;&#x69;l&#116;&#x6f;&#x3a;n&#105;&#x6b;&#x69;t&#97;&#x76;&#x40;o&#115;&#x73;&#x6a;s&#109;&#x6c;&#x65;d&#110;&#x69;k&#46;&#115;&#x69;\"><\/a><\/td><\/tr><tr><td>5.b<\/td><td>Mateja Ribi\u010d<\/td><td><a href=\"&#109;&#x61;&#x69;l&#116;&#x6f;:&#109;&#x61;&#x74;e&#106;&#x61;r&#64;&#x6f;&#x73;s&#106;&#x73;m&#108;&#x65;&#x64;&#110;&#105;&#x6b;&#46;&#115;&#x69;\">&#x6d;&#97;t&#x65;&#106;a&#x72;&#x40;&#111;&#x73;&#x73;&#106;s&#x6d;&#108;e&#x64;&#x6e;&#105;&#x6b;&#x2e;&#115;i<\/a><\/td><\/tr><tr><td>6.a<\/td><td>Anita Jak\u0161e<\/td><td><a href=\"&#x6d;a&#x69;&#108;t&#x6f;&#58;&#x61;&#x6e;i&#x74;&#97;j&#x40;&#111;&#x73;&#115;j&#x73;&#109;l&#x65;&#100;&#x6e;&#105;k&#x2e;&#115;&#x69;\">a&#110;&#105;&#x74;&#x61;j&#64;&#111;&#115;&#x73;&#x6a;sm&#108;&#101;&#x64;&#x6e;ik&#46;&#x73;&#x69;<\/a><\/td><\/tr><tr><td>6.b<\/td><td>Alenka Kuhar<\/td><td><a href=\"&#x6d;&#97;&#x69;&#108;t&#x6f;&#58;a&#x6c;&#101;&#x6e;&#x6b;a&#x2e;&#107;u&#x68;&#97;&#x72;&#x40;g&#x6d;&#97;i&#x6c;&#46;c&#x6f;&#109;\">a&#108;&#101;&#x6e;&#x6b;a&#46;&#107;&#x75;&#x68;&#x61;r&#64;&#103;&#x6d;&#x61;il&#46;&#x63;&#x6f;&#x6d;<\/a><\/td><\/tr><tr><td>7.a<\/td><td>Marija Zore<\/td><td><a href=\"&#x6d;&#x61;&#105;lt&#x6f;&#x3a;&#109;&#111;j&#x63;&#x61;&#122;&#64;o&#x73;&#x73;&#x6a;&#115;ml&#x65;&#x64;&#110;&#105;k&#x2e;&#x73;&#105;\">&#109;&#x6f;&#106;&#x63;&#97;&#x7a;&#64;&#x6f;&#115;&#x73;&#106;&#x73;&#109;&#x6c;&#101;&#x64;&#110;&#x69;&#107;&#x2e;&#115;&#x69;<\/a><\/td><\/tr><tr><td>7.b<\/td><td>Valentina Vr\u0161i\u010d<\/td><td><a href=\"&#x76;a&#x6c;&#101;n&#x74;&#105;&#x6e;&#97;&#46;&#x76;&#114;&#x73;&#105;c&#x40;&#103;&#x75;&#x65;s&#x74;&#46;a&#x72;&#110;&#x65;&#115;&#46;&#x73;&#105;\">&#x76;&#x61;&#x6c;&#x65;&#110;&#116;&#105;na&#x2e;&#x76;&#x72;&#x73;&#x69;&#99;&#64;&#103;ue&#x73;&#x74;&#x2e;&#x61;&#x72;&#110;&#101;&#115;&#46;s&#x69;<\/a><\/td><\/tr><tr><td>8.a<\/td><td>Jernej Spruk<\/td><td><a href=\"&#x6d;a&#x69;&#108;t&#x6f;&#58;&#x6a;&#x65;r&#x6e;&#101;j&#x73;&#64;&#x6f;&#115;s&#x6a;&#115;m&#x6c;&#101;&#x64;&#110;i&#x6b;&#46;&#x73;&#x69;\" target=\"_blank\" rel=\"noreferrer noopener\">j&#101;&#x72;&#x6e;e&#106;&#115;&#x40;&#x6f;s&#115;&#x6a;&#x73;m&#108;&#101;&#x64;&#x6e;i&#107;&#x2e;&#x73;i<\/a><\/td><\/tr><tr><td>8.b<\/td><td>Ne\u017ea Tepina<\/td><td><a href=\"m&#97;&#x69;&#x6c;t&#111;&#x3a;&#x6e;e&#122;&#97;&#x2e;&#x74;e&#112;&#x69;&#x6e;a&#64;&#x6f;&#x73;s&#106;&#115;&#x6d;&#x6c;e&#100;&#x6e;&#x69;k&#46;&#x73;&#x69;\">&#110;e&#x7a;a&#x2e;t&#x65;p&#x69;n&#x61;&#64;&#x6f;&#115;&#x73;&#106;&#x73;&#109;&#x6c;&#101;&#x64;&#110;&#x69;&#107;&#x2e;&#115;i<\/a><\/td><\/tr><tr><td>9.a<\/td><td>Sa\u0161a Ko\u0161enina<\/td><td><a href=\"&#x6d;&#x61;&#105;lt&#x6f;&#x3a;&#115;&#97;s&#x61;&#x2e;&#107;&#111;s&#x65;&#x6e;&#x69;&#110;a&#64;&#x6f;&#x73;&#115;&#106;s&#x6d;&#x6c;&#101;&#100;n&#x69;&#x6b;&#46;&#115;i\">&#x73;&#97;s&#x61;&#46;k&#x6f;&#115;e&#x6e;&#105;n&#x61;&#64;o&#x73;&#115;j&#x73;&#109;l&#x65;&#100;n&#x69;&#107;&#46;&#x73;&#105;<\/a><\/td><\/tr><tr><td>9.b<\/td><td>Stanka Grah<\/td><td><a href=\"&#109;&#x61;i&#108;&#x74;&#111;&#x3a;s&#116;&#x61;n&#x6b;&#x61;&#46;&#x67;r&#97;&#x68;&#64;&#x67;&#x75;&#101;&#x73;t&#46;&#x61;&#114;&#x6e;e&#115;&#x2e;s&#105;\">&#115;&#x74;a&#110;&#x6b;a&#46;&#x67;r&#x61;&#x68;&#64;&#x67;u&#101;&#x73;t&#46;&#x61;r&#x6e;&#x65;&#115;&#x2e;&#x73;&#105;<\/a><\/td><\/tr><\/tbody><\/table><\/figure>\n\n\n\n<figure class=\"wp-block-table\"><table><tbody><tr><td><strong>Predmet<\/strong><\/td><td><strong>U\u010ditelj<\/strong><\/td><td><strong>E po\u0161ta<\/strong><\/td><\/tr><tr><td>sloven\u0161\u010dina<\/td><td>Sa\u0161a Ko\u0161enina, Tea Letonja<\/td><td><a href=\"&#x6d;&#x61;&#105;&#108;to&#x3a;&#x74;&#x65;&#97;l&#64;&#x6f;&#x73;&#x73;&#106;&#115;m&#x6c;&#x65;&#x64;&#110;&#105;k&#x2e;&#x73;&#x69;\" target=\"_blank\" rel=\"noreferrer noopener\">&#x74;e&#x61;l&#x40;&#111;&#x73;&#115;j&#x73;m&#x6c;&#101;&#x64;&#110;&#x69;&#107;&#46;&#x73;i<\/a><br><a href=\"ma&#105;&#108;&#116;&#111;&#x3a;&#x73;&#x61;&#x73;&#x61;&#46;k&#111;&#115;&#101;&#110;&#x69;&#x6e;&#x61;&#x40;&#x6f;ss&#106;&#115;&#109;&#108;&#x65;&#x64;&#x6e;&#x69;&#x6b;&#46;si\">&#115;a&#x73;a&#x2e;k&#x6f;s&#x65;&#110;&#x69;&#110;&#x61;&#64;&#x6f;&#115;s&#106;s&#x6d;l&#x65;d&#x6e;&#105;&#x6b;&#46;&#x73;&#105;<\/a><\/td><\/tr><tr><td>angle\u0161\u010dina<\/td><td>Anja Zorman, Ne\u017ea Tepina<\/td><td><a href=\"&#109;&#x61;&#x69;l&#116;&#x6f;&#x3a;a&#110;&#x6a;a&#46;&#x7a;&#x6f;r&#109;&#x61;n&#64;&#x67;&#x6d;a&#105;&#x6c;&#x2e;&#99;&#x6f;&#x6d;\">&#x61;&#x6e;&#x6a;&#x61;&#x2e;&#x7a;&#x6f;&#x72;&#x6d;&#x61;&#x6e;&#x40;&#x67;&#x6d;&#x61;&#x69;&#x6c;&#x2e;&#x63;&#x6f;&#x6d;<\/a><br><a href=\"&#x6d;&#97;&#x69;&#x6c;&#116;&#x6f;&#58;a&#x6c;&#101;n&#x6b;&#97;s&#x40;&#111;s&#x73;&#106;&#x73;&#x6d;&#108;&#x65;&#x64;&#110;&#x69;&#107;&#46;&#x73;&#105;\">&#x6e;&#x65;&#x7a;&#x61;&#x2e;&#116;&#101;&#112;&#105;na&#64;&#x6f;&#x73;&#x73;&#x6a;&#x73;&#x6d;&#108;&#101;&#100;nik&#x2e;&#x73;&#x69;<\/a><\/td><\/tr><tr><td>matematika<\/td><td>Marko Valen\u010di\u010d, Marija Zore, Alenka Kuhar<\/td><td><a href=\"&#109;a&#x69;l&#x74;&#111;&#x3a;&#109;&#x61;&#114;k&#x6f;&#46;&#x76;&#97;&#x6c;&#101;&#x6e;&#99;&#x69;&#99;&#64;&#x67;u&#x65;&#115;&#x74;&#46;&#x61;&#114;n&#x65;s&#x2e;&#115;&#x69;\">&#x6d;&#x61;&#114;&#107;&#111;&#46;&#x76;&#x61;&#x6c;&#101;&#110;ci&#x63;&#x40;&#x67;&#117;&#101;s&#x74;&#x2e;&#x61;&#114;&#110;&#101;s&#x2e;&#x73;&#x69;<\/a><br><a href=\"&#x6d;a&#x69;&#108;t&#x6f;&#58;&#x6d;&#x6f;j&#x63;&#97;z&#x40;&#111;&#x73;&#115;j&#x73;&#109;l&#x65;&#100;&#x6e;&#105;k&#x2e;&#115;&#x69;\">&#109;&#x6f;&#x6a;c&#97;&#x7a;&#64;&#111;&#x73;s&#106;&#x73;m&#108;&#x65;&#x64;&#110;&#x69;&#x6b;&#46;&#115;&#x69;<\/a><br><a href=\"&#x6d;&#x61;&#x69;&#108;&#116;&#111;:m&#x61;&#x72;&#x6b;&#x6f;&#46;&#118;al&#x65;&#x6e;&#x63;&#x69;&#99;&#64;og&#x75;&#x65;&#x73;&#x74;&#46;&#97;&#114;ne&#x73;&#x2e;&#x73;&#x69;\"><\/a><a href=\"ma&#105;&#108;&#116;&#111;&#x3a;&#x61;&#x6c;&#x65;&#x6e;ka&#46;&#107;&#117;&#104;&#x61;&#x72;&#x40;&#x67;&#x6d;ai&#108;&#46;&#99;&#111;&#x6d;\">&#x61;&#108;e&#x6e;&#107;a&#x2e;&#x6b;&#117;&#x68;&#x61;&#114;&#64;&#x67;&#109;a&#x69;&#x6c;&#46;&#x63;&#x6f;&#109;<\/a><\/td><\/tr><tr><td>fizika<\/td><td>Valentina Vr\u0161i\u010d<\/td><td><a href=\"&#118;&#x61;l&#x65;&#x6e;&#116;&#x69;n&#97;&#x2e;&#118;&#x72;s&#105;&#x63;&#64;&#x67;u&#101;&#x73;t&#x2e;&#x61;&#114;&#x6e;e&#115;&#x2e;&#115;&#x69;\">&#118;&#97;&#x6c;&#x65;&#110;&#116;&#x69;&#x6e;&#97;&#46;&#x76;&#x72;&#115;&#105;&#x63;&#x40;&#103;&#117;&#x65;&#x73;&#116;&#46;&#x61;&#x72;&#110;&#101;&#x73;&#x2e;&#115;&#105;<\/a><\/td><\/tr><tr><td>kemija<\/td><td>Bla\u017eka Bre\u0161an<\/td><td><a href=\"&#x6d;&#x61;&#x69;&#x6c;&#x74;&#x6f;&#x3a;&#98;&#108;&#97;&#122;&#107;a&#46;br&#x65;&#x73;&#x61;&#x6e;&#x40;&#x6f;&#x73;&#x73;&#106;&#115;&#109;&#108;&#101;dnik&#x2e;&#x73;&#x69;\">bl&#97;&#122;&#107;&#x61;&#x2e;&#x62;&#x72;&#x65;sa&#110;&#64;&#111;&#x73;&#x73;&#x6a;&#x73;&#x6d;le&#100;&#110;&#105;&#x6b;&#x2e;&#x73;&#x69;<\/a><\/td><\/tr><tr><td>biologija<\/td><td>Bla\u017eka Bre\u0161an<\/td><td><a href=\"&#109;&#x61;&#105;&#x6c;&#116;&#x6f;&#58;&#x62;&#108;&#x61;&#122;&#x6b;&#97;&#x2e;&#98;&#x72;&#101;&#x73;&#97;&#x6e;&#64;&#x6f;&#115;&#x73;&#106;&#x73;m&#x6c;e&#x64;n&#x69;k&#x2e;s&#x69;\">&#x62;l&#x61;&#122;&#x6b;&#97;&#x2e;&#x62;r&#x65;&#115;&#x61;&#110;&#x40;&#111;s&#x73;&#106;&#x73;&#109;&#x6c;&#101;d&#x6e;&#105;&#x6b;&#46;&#x73;&#105;<\/a><\/td><\/tr><tr><td>naravoslovje<\/td><td>Bla\u017eka Bre\u0161an, Ur\u0161ka Podgor\u0161ek<\/td><td><a href=\"ma&#105;&#108;&#x74;&#x6f;&#x3a;&#x62;la&#122;&#107;&#x61;&#x2e;&#x62;&#x72;es&#97;&#110;&#64;&#x6f;&#x73;&#x73;&#x6a;sm&#108;&#101;&#x64;&#x6e;&#x69;&#x6b;&#46;s&#105;\">b&#108;&#97;&#x7a;&#x6b;&#x61;&#46;&#98;&#114;&#x65;&#x73;&#x61;n&#64;&#111;&#x73;&#x73;&#x6a;sm&#108;&#101;&#x64;&#x6e;&#x69;k&#46;&#115;&#x69;<\/a>&nbsp;<a href=\"&#109;&#x61;i&#108;&#x74;&#111;&#x3a;u&#114;&#x73;k&#x61;&#x70;&#64;&#x6f;s&#115;&#x6a;s&#x6d;&#x6c;&#101;&#x64;n&#105;&#x6b;&#46;&#x73;i\">&#x75;&#x72;&#x73;&#107;&#97;&#112;&#64;o&#x73;&#x73;&#x6a;&#x73;&#109;&#108;ed&#x6e;&#x69;&#x6b;&#x2e;&#115;&#105;<\/a><\/td><\/tr><tr><td>gospodinjstvo<\/td><td>Ur\u0161ka Podgor\u0161ek<\/td><td><a href=\"&#x6d;a&#x69;&#108;t&#x6f;&#58;&#x75;&#x72;s&#x6b;&#97;p&#x40;&#111;&#x73;&#115;j&#x73;&#109;l&#x65;&#100;&#x6e;&#105;k&#x2e;&#115;&#x69;\">u&#114;&#115;&#x6b;&#x61;&#x70;&#x40;o&#115;&#115;&#106;&#x73;&#x6d;&#x6c;ed&#110;&#105;&#x6b;&#x2e;&#x73;i<\/a>&nbsp;<\/td><\/tr><tr><td>likovna umetnost<\/td><td>af Ekenstam Hedvig<\/td><td><a href=\"&#x6d;a&#x69;&#108;&#x74;&#111;&#x3a;&#x68;e&#x64;&#118;&#x69;&#103;&#x65;&#64;o&#x73;&#115;&#x6a;&#115;&#x6d;&#108;e&#x64;&#110;&#x69;&#107;&#x2e;&#115;i\">&#x68;&#x65;&#x64;&#x76;&#105;&#103;&#101;&#64;oss&#x6a;&#x73;&#x6d;&#x6c;&#x65;&#100;&#110;&#105;k&#46;s&#x69;<\/a><\/td><\/tr><tr><td>glasbena umetnost<\/td><td>Jernej Spruk<\/td><td><a href=\"&#x6d;&#x61;&#105;&#108;&#116;o&#x3a;&#x6a;&#x65;&#114;&#110;ej&#x73;&#x40;&#x6f;&#115;&#115;j&#x73;&#x6d;&#x6c;&#101;&#100;&#110;i&#x6b;&#x2e;&#x73;&#105;\" target=\"_blank\" rel=\"noreferrer noopener\">j&#101;&#x72;&#x6e;e&#106;&#115;&#x40;&#x6f;s&#115;&#x6a;&#x73;m&#108;&#101;&#x64;&#x6e;i&#107;&#x2e;&#x73;i<\/a><\/td><\/tr><tr><td>tehnika in tehnologija<\/td><td>Marija Zore, Valentina Vr\u0161i\u010d<\/td><td><a href=\"&#x76;&#x61;&#x6c;&#x65;&#x6e;&#x74;&#x69;&#x6e;&#x61;&#x2e;&#x76;&#x72;&#x73;&#x69;&#x63;&#x40;&#x67;&#x75;&#x65;&#x73;&#x74;&#x2e;&#97;&#114;&#110;&#101;&#115;&#46;&#115;&#105;\">&#x76;&#x61;&#x6c;&#x65;&#110;&#116;ina&#x2e;&#x76;&#x72;&#x73;&#105;&#99;&#64;gu&#x65;&#x73;&#x74;&#x2e;&#97;&#114;&#110;es&#x2e;&#x73;&#x69;<\/a><\/td><\/tr><tr><td>\u0161port<\/td><td>Stanka Grah, Ale\u0161 Bor\u010dnik, Nina Jesen\u0161ek (praktikantka)<\/td><td><a href=\"m&#97;&#105;&#x6c;&#x74;o:&#110;&#105;&#x6e;&#x61;&#46;j&#101;&#115;&#x65;&#x6e;se&#107;&#x40;&#x6f;&#x73;s&#106;&#115;&#x6d;&#x6c;&#x65;d&#110;&#105;&#x6b;&#x2e;&#x73;i\">&#x6e;&#105;n&#x61;&#46;j&#x65;&#115;e&#x6e;&#115;e&#x6b;&#64;o&#x73;&#115;j&#x73;&#109;l&#x65;&#100;n&#x69;&#107;&#46;&#x73;&#105;<\/a> <a href=\"&#x6d;&#x61;&#x69;&#x6c;&#116;&#111;&#58;al&#x65;&#x73;&#x62;&#x40;&#x6f;&#115;&#115;&#106;sm&#x6c;&#x65;&#x64;&#x6e;&#x69;&#107;&#46;&#115;i\">&#97;&#x6c;e&#x73;&#x62;&#64;&#x6f;s&#115;&#x6a;&#115;&#x6d;l&#101;&#x64;n&#x69;k&#46;&#x73;i<\/a> <a href=\"&#109;&#x61;&#x69;l&#116;&#x6f;:&#115;&#x74;&#x61;n&#107;&#x61;&#46;&#103;&#x72;&#x61;h&#64;&#x67;u&#101;&#x73;&#x74;&#46;&#97;&#x72;n&#101;&#x73;&#x2e;&#115;&#x69;\">&#115;&#x74;&#97;&#x6e;&#107;&#x61;&#46;&#x67;&#114;&#x61;&#104;&#x40;g&#x75;e&#x73;t&#x2e;a&#x72;n&#x65;s&#46;&#x73;&#105;<\/a><\/td><\/tr><tr><td>domovinska vzgoja in etika<\/td><td>Gregor Seme<\/td><td><a href=\"m&#97;&#105;&#108;&#x74;&#x6f;&#x3a;gr&#101;&#103;&#x6f;&#x72;&#x2e;&#x73;em&#101;&#64;&#x67;&#x75;&#x65;&#x73;t&#46;&#97;&#114;&#x6e;&#x65;&#x73;&#46;s&#105;\" target=\"_blank\" rel=\"noreferrer noopener\">greg&#111;&#114;&#46;&#115;&#101;&#x6d;&#x65;&#x40;&#x67;&#x75;&#x65;&#x73;t&#46;ar&#110;&#101;&#115;&#46;&#115;&#x69;<\/a><\/td><\/tr><tr><td>geografija<\/td><td>Jak\u0161e Anita<\/td><td><a href=\"&#109;&#x61;&#105;&#x6c;&#116;&#x6f;&#58;&#x61;&#110;&#x69;&#116;&#x61;&#106;&#x40;&#111;&#x73;&#115;&#x6a;&#115;&#x6d;&#108;&#x65;&#100;&#x6e;&#105;&#x6b;&#46;&#x73;i\">&#x61;&#110;i&#x74;&#x61;&#106;&#64;&#x6f;&#115;s&#x6a;&#x73;&#109;l&#x65;&#100;n&#x69;&#x6b;&#46;s&#x69;<\/a><\/td><\/tr><tr><td>zgodovina<\/td><td>Jak\u0161e Anita,<br>Andreja Ker\u010d<\/td><td><a href=\"&#x6d;&#97;i&#x6c;&#x74;&#111;:&#x61;&#x6e;&#105;t&#x61;&#x6a;&#64;o&#x73;&#x73;&#106;s&#x6d;&#108;&#101;d&#x6e;&#105;k&#x2e;&#x73;&#105;\">anitaj&#64;&#111;&#115;&#115;&#106;&#115;&#109;&#x6c;&#x65;&#x64;&#x6e;&#x69;&#x6b;&#x2e;&#x73;&#x69;<\/a>&nbsp;&nbsp;<br><a href=\"&#x6d;&#97;&#105;l&#x74;&#x6f;&#58;a&#x6e;&#x69;&#116;a&#x6a;&#x40;&#111;s&#x73;&#x6a;&#115;m&#x6c;&#x65;&#100;n&#x69;&#x6b;&#46;&#115;i\">a&#110;&#x64;&#x72;&#x65;j&#97;&#x6b;&#x40;&#x6f;s&#115;&#x6a;&#x73;&#x6d;l&#101;&#x64;&#x6e;&#x69;k&#46;&#x73;&#x69;<\/a><\/td><\/tr><tr><td>knji\u017enica<\/td><td>Andreja Ker\u010d<\/td><td><a href=\"&#x6d;&#97;&#105;l&#x74;&#x6f;&#58;a&#x6e;&#x69;&#116;aj&#x40;&#111;&#115;s&#x6a;&#x73;&#109;l&#x65;&#x64;&#110;&#105;k&#x2e;&#x73;&#105;\">&#x61;&#x6e;&#100;&#114;e&#x6a;&#x61;&#x6b;&#64;&#111;s&#x73;&#x6a;&#x73;&#109;&#108;e&#x64;&#x6e;&#x69;&#107;&#46;s&#x69;<\/a><\/td><\/tr><tr><td>filozofija-Eti\u010dna raziskovanja<\/td><td>Jak\u0161e Anita<\/td><td><a href=\"&#x6d;&#x61;&#x69;&#x6c;&#x74;&#x6f;&#x3a;&#x61;&#x6e;&#x69;&#x74;&#x61;&#x6a;&#x40;&#x6f;&#x73;&#x73;&#x6a;&#x73;&#x6d;&#x6c;&#x65;&#x64;&#x6e;&#x69;&#x6b;&#x2e;&#x73;&#x69;\">a&#110;&#x69;&#x74;a&#106;&#x40;&#x6f;s&#115;&#x6a;&#x73;m&#108;&#x65;&#x64;n&#105;&#x6b;&#x2e;s&#105;<\/a>&nbsp;<\/td><\/tr><tr><td>filozofija-Kriti\u010dno mi\u0161ljenje<\/td><td>Tea Letonja<\/td><td><a href=\"&#x6d;&#97;i&#x6c;&#x74;&#111;:&#x74;&#101;a&#x6c;&#x40;&#111;s&#x73;&#106;s&#x6d;&#x6c;&#101;d&#x6e;&#x69;&#107;&#x2e;&#x73;&#105;\" target=\"_blank\" rel=\"noreferrer noopener\">&#x74;&#101;&#x61;&#x6c;&#64;&#x6f;&#115;s&#x6a;&#115;m&#x6c;&#101;&#x64;&#x6e;i&#x6b;&#46;s&#x69;<\/a>&nbsp;<\/td><\/tr><tr><td>izbrani \u0161port odbojka<\/td><td>Ale\u0161 Bor\u010dnik, Stanka Grah<\/td><td><a href=\"&#x6d;&#x61;&#x69;&#x6c;&#x74;&#111;&#58;&#115;&#116;ank&#x61;&#x2e;&#x67;&#x72;&#x61;&#x68;&#64;&#103;&#117;est&#x2e;&#x61;&#x72;&#x6e;&#x65;&#x73;&#46;&#115;&#105;\">&#115;t&#x61;n&#x6b;&#97;&#x2e;&#103;&#x72;&#97;h&#x40;g&#x75;&#101;&#x73;&#116;&#x2e;&#97;&#x72;&#110;e&#x73;&#46;&#x73;&#105;<\/a>&nbsp;<\/td><\/tr><tr><td>\u0161port za zdravje<\/td><td>Stanka Grah, Ale\u0161 Bor\u010dnik<\/td><td><a href=\"&#x6d;&#97;i&#x6c;&#116;&#111;&#x3a;&#x73;&#116;a&#x6e;&#107;a&#x2e;&#x67;&#114;a&#x68;&#64;g&#x75;&#x65;&#115;t&#x2e;&#97;r&#x6e;&#x65;&#115;&#46;&#x73;&#105;\">&#x73;t&#x61;&#110;&#x6b;&#97;&#46;&#x67;&#114;&#x61;&#104;&#64;&#x67;&#117;&#x65;&#115;t&#x2e;a&#x72;&#110;&#x65;&#x73;&#46;&#x73;&#105;<\/a>&nbsp;<\/td><\/tr><tr><td>\u0161port za sprostitev<\/td><td>Matja\u017e Ovsenek, Ale\u0161 Bor\u010dnik<\/td><td>&nbsp;<\/td><\/tr><tr><td>nem\u0161\u010dina I, III<\/td><td>\u0160pela Poto\u010dnik Novljan <\/td><td><a href=\"&#109;&#x61;i&#x6c;&#x74;&#111;&#x3a;s&#112;&#x65;&#108;&#x61;&#46;&#110;&#x6f;v&#x6c;j&#97;&#x6e;&#64;&#x67;&#x6d;&#97;&#x69;l&#46;&#x63;&#111;&#x6d;\">&#x73;&#x70;&#101;&#108;a&#x2e;&#x6e;&#x6f;&#118;lj&#x61;&#x6e;&#64;&#103;m&#x61;&#x69;&#x6c;&#46;co&#x6d;<\/a><\/td><\/tr><tr><td>obdelava gradiv &#8211; les, umetne mase<\/td><td>Valentina Vr\u0161i\u010d<\/td><td><a href=\"v&#97;&#108;&#x65;&#x6e;&#x74;&#x69;n&#97;&#46;&#118;&#x72;&#x73;&#x69;c&#64;&#103;&#117;&#x65;&#x73;&#x74;&#46;a&#114;&#110;&#x65;&#x73;&#x2e;si\">&#x76;&#x61;&#108;en&#x74;&#x69;&#110;&#97;&#46;&#x76;&#x72;&#115;&#105;c&#x40;&#x67;&#x75;&#101;st&#x2e;&#x61;&#114;&#110;e&#x73;&#x2e;&#115;&#105;<\/a><\/td><\/tr><tr><td>filozofija &#8211; jaz in drugi<\/td><td>Jak\u0161e Anita<\/td><td><a href=\"&#109;&#x61;i&#108;&#x74;o&#58;&#x61;n&#105;&#x74;a&#106;&#x40;&#111;&#x73;&#x73;&#106;&#x73;&#x6d;&#108;&#x65;d&#110;&#x69;k&#46;&#x73;i\">&#x61;&#110;&#105;t&#x61;&#x6a;&#64;o&#x73;&#x73;&#106;sm&#x6c;&#101;&#100;n&#x69;&#x6b;&#46;s&#x69;<\/a><\/td><\/tr><tr><td>Ra\u010dunalni\u0161tvo &#8211; urejanje besedil<\/td><td>Matja\u017e Ovsenek<\/td><td><a href=\"ma&#105;&#108;&#116;&#x6f;&#x3a;&#x6d;&#x61;&#x74;ja&#122;&#111;&#64;&#x6f;&#x73;&#x73;&#x6a;&#x73;ml&#101;&#100;&#110;&#x69;&#x6b;&#x2e;&#x73;&#x69;\">matjazo&#64;ossj&#115;&#109;&#108;&#101;&#100;&#110;&#105;&#107;&#46;&#115;&#105;<\/a>&nbsp;<\/td><\/tr><tr><td><\/td><td><\/td><td>&nbsp;<\/td><\/tr><tr><td><\/td><td><\/td><td><\/td><\/tr><tr><td>NIP tehnika<\/td><td>Valentina Vr\u0161i\u010d<\/td><td>&nbsp;<a href=\"vale&#110;&#116;&#105;&#110;&#97;&#46;&#118;&#x72;&#x73;&#x69;&#x63;&#x40;&#x67;&#x75;&#x65;&#x73;t&#46;ar&#110;&#101;&#115;&#46;&#115;&#105;\">&#118;&#x61;&#108;&#x65;&#110;&#x74;&#105;&#x6e;&#97;&#x2e;&#118;&#x72;&#115;&#x69;&#99;&#x40;&#103;&#x75;&#101;&#x73;&#116;&#x2e;&#97;&#x72;&#110;&#x65;s&#x2e;s&#x69;<\/a><\/td><\/tr><tr><td>NIP \u0161port<\/td><td>Stanka Grah<\/td><td><a href=\"&#109;&#x61;&#x69;l&#116;&#x6f;&#x3a;s&#116;&#x61;n&#107;&#x61;&#x2e;g&#114;&#x61;h&#64;&#x67;&#x75;e&#115;&#x74;&#x2e;&#97;&#x72;&#x6e;e&#115;&#x2e;&#x73;i\">&#x73;&#x74;&#97;&#110;k&#x61;&#x2e;&#x67;&#114;ah&#x40;&#x67;&#117;&#101;s&#x74;&#x2e;&#x61;&#114;ne&#x73;&#x2e;&#115;&#105;<\/a>&nbsp;<\/td><\/tr><tr><td>NIP ra\u010dunalni\u0161tvo<\/td><td>Matja\u017e Ovsenek, <\/td><td>&nbsp;<a href=\"&#x6d;&#97;i&#x6c;&#116;o&#x3a;&#109;a&#x74;&#106;a&#x7a;&#111;&#64;&#x6f;&#115;s&#x6a;&#115;m&#x6c;&#101;d&#x6e;&#105;k&#x2e;&#115;i\">&#109;a&#x74;j&#x61;z&#x6f;&#64;&#x6f;&#115;&#x73;&#106;&#x73;&#109;&#x6c;&#101;d&#110;i&#x6b;&#46;&#x73;i<\/a><\/td><\/tr><tr><td>svetovalna slu\u017eba<\/td><td>Gregor Seme, Jana Brelih Humar, Tja\u0161a \u010cretnik<\/td><td><a href=\"&#x6d;&#97;i&#x6c;&#x74;&#111;:&#x67;&#x72;&#101;g&#x6f;&#x72;&#46;s&#x65;&#x6d;&#101;&#64;&#x67;&#117;&#101;s&#x74;&#46;a&#x72;&#x6e;&#101;s&#x2e;&#x73;&#105;\" target=\"_blank\" rel=\"noreferrer noopener\">gregor&#46;&#115;&#101;&#109;&#101;&#64;&#103;&#x75;&#x65;&#x73;&#x74;&#x2e;&#x61;&#x72;&#x6e;&#x65;&#x73;&#x2e;&#x73;i<\/a>, <a href=\"&#109;&#x61;&#105;&#x6c;&#116;&#x6f;&#58;&#x6a;a&#x6e;a&#x62;h&#x40;o&#115;&#x73;&#106;&#x73;&#109;&#x6c;&#101;&#x64;&#110;&#x69;k&#x2e;s&#x69;\" target=\"_blank\" rel=\"noreferrer noopener\">&#106;&#97;&#x6e;a&#98;&#x68;&#x40;o&#115;&#x73;&#x6a;s&#109;&#x6c;&#x65;d&#110;&#x69;&#x6b;&#46;&#115;&#x69;<\/a>, <a href=\"&#x6d;&#97;&#x69;&#x6c;&#116;&#x6f;&#58;t&#x6a;&#97;s&#x61;&#46;c&#x72;&#101;t&#x6e;&#105;&#x6b;&#x40;&#111;&#x73;&#x73;&#106;&#x73;&#109;l&#x65;&#100;n&#x69;&#107;&#46;&#x73;&#105;\">&#116;&#x6a;&#97;&#x73;&#97;&#x2e;&#99;&#x72;&#101;&#x74;&#110;&#x69;k&#x40;o&#x73;s&#x6a;s&#x6d;l&#x65;d&#110;&#x69;&#107;&#x2e;&#115;&#x69;<\/a><\/td><\/tr><tr><td>dodatna strokovna pomo\u010d<\/td><td>Jana Brelih Humar, Jana Starman, Tja\u0161a \u010cretnik<\/td><td><a href=\"&#x6d;a&#x69;&#108;t&#x6f;&#58;&#x6a;&#97;n&#x61;&#98;&#x68;&#64;o&#x73;&#115;&#x6a;&#x73;m&#x6c;&#101;d&#x6e;&#105;&#x6b;&#46;s&#x69;\">janabh&#64;ossjsmlednik&#46;si<\/a>&nbsp;<br><a href=\"&#109;&#x61;i&#108;&#x74;o&#58;&#x6a;a&#x6e;&#x61;&#46;&#x73;t&#97;&#x72;m&#97;&#x6e;&#64;&#x6f;&#x73;&#45;&#x6a;&#x65;&#108;&#x61;-&#106;&#x61;n&#101;&#x7a;i&#x63;&#x61;&#46;&#x73;i\" target=\"_blank\" rel=\"noreferrer noopener\">j&#97;&#x6e;&#x61;&#x2e;s&#116;&#x61;&#x72;&#x6d;a&#110;&#x40;&#x6f;&#x73;-&#106;&#x65;&#x6c;&#x61;-&#106;&#x61;&#x6e;&#x65;z&#105;&#x63;&#x61;&#x2e;s&#105;<\/a><br><a href=\"&#x6d;&#x61;&#x69;&#x6c;&#x74;&#111;&#58;&#116;&#106;asa&#x2e;&#x63;&#x72;&#x65;&#x74;&#x6e;&#105;&#107;&#64;oss&#x6a;&#x73;&#x6d;&#x6c;&#x65;&#x64;&#110;&#105;&#107;&#46;si\">tj&#97;&#115;&#97;&#46;&#x63;&#x72;&#x65;&#x74;&#x6e;ik&#64;&#111;&#115;&#115;&#x6a;&#x73;&#x6d;&#x6c;&#x65;dn&#105;&#107;&#46;&#115;&#x69;<\/a><\/td><\/tr><\/tbody><\/table><\/figure>\n\n\n\n<figure class=\"wp-block-table\"><table><tbody><tr><td><strong>Varstvo<\/strong> u\u010dencev<\/td><td><strong>U\u010ditelj<\/strong>i<\/td><\/tr><tr><td>&nbsp;Jutranje varstvo<\/td><td>Matja\u017e Ovsenek, Anja Zorman, Mateja Ribi\u010d, Janja Jo\u0161t Rapi\u010d, Katarina Kalan<\/td><\/tr><tr><td>Podalj\u0161ano bivanje<\/td><td>Alenka Kuhar, Ale\u0161 Bor\u010dnik, Erna Kru\u0161nik, Mateja Jeraj, Petra Lunar, Stanka Grah, \u0160pela Poto\u010dnik Novljan, \u0160pela Kri\u017eaj, Ur\u0161a Podgor\u0161ek, af Ekenstam Hedvig, Jernej Spruk<\/td><\/tr><tr><td>Organizator informacijskih dejavnosti<\/td><td>Matja\u017e Ovsenek&nbsp;<a href=\"&#x6d;&#x61;&#x69;&#x6c;&#116;&#111;:ma&#x74;&#x6a;&#x61;&#x7a;&#111;&#64;oss&#x6a;&#x73;&#x6d;&#x6c;&#101;&#100;&#110;ik&#x2e;&#x73;&#x69;\">m&#97;&#x74;&#x6a;a&#122;&#111;&#x40;&#x6f;s&#115;&#106;&#x73;&#x6d;l&#101;&#x64;&#x6e;&#x69;k&#46;&#x73;&#x69;<\/a><\/td><\/tr><\/tbody><\/table><\/figure>\n\n\n\n<p><\/p>\n","protected":false},"excerpt":{"rendered":"<p>Razred Razredniki E po\u0161ta 1.a Erna Kru\u0161nik, Nata\u0161a Majeti\u010d &#101;&#x72;n&#97;&#x6b;&#64;&#x6f;&#x73;&#115;&#x6a;s&#109;&#x6c;e&#100;&#x6e;&#105;&#x6b;&#46;&#115;&#x69;, &#x6d;a&#x6a;&#101;&#x74;&#x69;c&#x6e;&#97;&#x74;&#x61;s&#x61;&#64;&#x67;&#x6d;a&#x69;&#108;&#x2e;&#x63;o&#x6d; 1.b Jo\u0161t Rapi\u010d Janja &#106;&#x61;&#110;&#x6a;&#97;&#x6a;&#64;&#x6f;s&#115;&#x6a;&#115;&#x6d;&#108;&#x65;d&#x6e;i&#107;&#x2e;&#115;&#x69; 2.a Barbara Kop\u0161e b&#97;&#114;&#x62;&#x61;ra&#46;&#107;&#x6f;&#x70;se&#64;&#111;&#x73;&#x73;js&#109;&#x6c;&#x65;&#x64;n&#105;&#107;&#x2e;&#x73;&#x69; 2.b Katarina Kalan &#x6b;&#x61;&#x74;&#x61;&#x72;&#x69;&#x6e;&#x61;&#x2e;&#x6b;&#x61;&#108;&#97;&#110;&#64;&#111;&#115;&#115;jsmled&#x6e;&#x69;&#x6b;&#x2e;&#x73;&#x69; 3.a \u0160pela Kri\u017eaj &#115;p&#x65;l&#x61;k&#x40;o&#x73;s&#x6a;s&#x6d;&#108;&#x65;&#100;&#x6e;&#105;&#x6b;&#46;&#x73;&#105; 3.b Mateja Jeraj &#x6d;&#x61;&#x74;&#x65;&#x6a;&#x61;&#106;&#64;&#111;&#115;sjsm&#x6c;&#x65;&#x64;&#x6e;&#x69;&#x6b;&#46;&#115;&#105; 4.a Ana&#46;&#46;&#46;<\/p>\n","protected":false},"author":1,"featured_media":0,"parent":0,"menu_order":0,"comment_status":"closed","ping_status":"closed","template":"","meta":{"footnotes":""},"class_list":["post-48","page","type-page","status-publish","hentry"],"publishpress_future_action":{"enabled":false,"date":"2026-05-07 05:32:39","action":"change-status","newStatus":"draft","terms":[],"taxonomy":"","extraData":[]},"publishpress_future_workflow_manual_trigger":{"enabledWorkflows":[]},"_links":{"self":[{"href":"https:\/\/www.ossjsmlednik.si\/index.php?rest_route=\/wp\/v2\/pages\/48","targetHints":{"allow":["GET"]}}],"collection":[{"href":"https:\/\/www.ossjsmlednik.si\/index.php?rest_route=\/wp\/v2\/pages"}],"about":[{"href":"https:\/\/www.ossjsmlednik.si\/index.php?rest_route=\/wp\/v2\/types\/page"}],"author":[{"embeddable":true,"href":"https:\/\/www.ossjsmlednik.si\/index.php?rest_route=\/wp\/v2\/users\/1"}],"replies":[{"embeddable":true,"href":"https:\/\/www.ossjsmlednik.si\/index.php?rest_route=%2Fwp%2Fv2%2Fcomments&post=48"}],"version-history":[{"count":59,"href":"https:\/\/www.ossjsmlednik.si\/index.php?rest_route=\/wp\/v2\/pages\/48\/revisions"}],"predecessor-version":[{"id":5147,"href":"https:\/\/www.ossjsmlednik.si\/index.php?rest_route=\/wp\/v2\/pages\/48\/revisions\/5147"}],"wp:attachment":[{"href":"https:\/\/www.ossjsmlednik.si\/index.php?rest_route=%2Fwp%2Fv2%2Fmedia&parent=48"}],"curies":[{"name":"wp","href":"https:\/\/api.w.org\/{rel}","templated":true}]}}