{"id":547,"date":"2021-09-30T11:39:51","date_gmt":"2021-09-30T11:39:51","guid":{"rendered":"https:\/\/www.ossjsmlednik.si\/?page_id=547"},"modified":"2025-09-01T08:57:21","modified_gmt":"2025-09-01T08:57:21","slug":"nacionalno-preverjanje-znanja","status":"publish","type":"page","link":"https:\/\/www.ossjsmlednik.si\/?page_id=547","title":{"rendered":"Nacionalno preverjanje znanja"},"content":{"rendered":"\n<ul class=\"wp-block-list\">\n<li>Nacionalno preverjanje znanja je obvezno za&nbsp; u\u010dence 6. in 9. razreda.<\/li>\n\n\n\n<li>Nacionalno preverjanje znanja u\u010denci opravljajo samo v rednem roku (maja). O upravi\u010denosti razlogov za prijavo v naknadnem roku odlo\u010da ravnatelj \u0161ole na podlagi ustreznih mnenj in dokazil. U\u010denci opravljajo nacionalno preverjanje znanja na \u0161oli, ki jo obiskujejo. Preverjanje se opravlja pisno in pri posameznem predmetu traja 60 minut. Preverjanje se za u\u010dence 6.r. NPZ opravlja iz predmetov SLJ, MAT in TJA, za u\u010dence 9.r. pa iz predmetov SLJ in MAT in enega izmed \u0161tirih, vsako leto posebej dolo\u010denih predmetov.<\/li>\n<\/ul>\n\n\n\n<ul class=\"wp-block-list\">\n<li>\u0160ola bo u\u010dencem in njihovim star\u0161em omogo\u010dila vpogled v ovrednotene pisne naloge nacionalnega preverjanja znanja v skladu s Podrobnej\u0161imi navodili o \u0161olskem koledarju ministra za izobra\u017eevanje, znanost in \u0161port ter Koledarjem nacionalnega preverjanja znanja Dr\u017eavnega izpitnega centra. Dose\u017eek u\u010dencev 6. razreda, izra\u017een v to\u010dkah in v odstotnih to\u010dkah, se vpi\u0161e v&nbsp; Obvestilo o dose\u017ekih pri nacionalnem preverjanju znanja ob koncu drugega vzgojno-izobra\u017eevalnega obdobja, dose\u017eek u\u010dencev 9. razreda, izra\u017een v to\u010dkah in v odstotnih to\u010dkah, se vpi\u0161e v&nbsp; Obvestilo o dose\u017ekih pri nacionalnem preverjanju znanja ob koncu tretjega vzgojno-izobra\u017eevalnega obdobja, ki ga u\u010denci prejmejo ob zaklju\u010dku \u0161olanja. V skladu s sklepom ministra za \u0161olstvo in \u0161port z dne 1. 7. 2008 o merilih za izbiro kandidatov v primeru omejitve vpisa v srednje \u0161ole se bodo, na podlagi predhodnega soglasja kandidata in star\u0161ev, dose\u017eki nacionalnega preverjanja znanja lahko upo\u0161tevali tudi kot eno izmed meril, \u010de ima ve\u010d kandidatov na spodnji meji v izbirnem postopku enak se\u0161tevek zaklju\u010dnih ocen iz obveznih predmetov 7., 8. in 9. razreda.<\/li>\n<\/ul>\n\n\n\n<div data-wp-interactive=\"core\/file\" class=\"wp-block-file\"><object data-wp-bind--hidden=\"!state.hasPdfPreview\" hidden class=\"wp-block-file__embed\" data=\"https:\/\/www.ossjsmlednik.si\/wp-content\/uploads\/2025\/09\/Datumi-izvedbe-nacionalnega-preverjanja-znanja-v-osnovni-soli-za-solsko-leto-2025-2026-.pdf\" type=\"application\/pdf\" style=\"width:100%;height:600px\" aria-label=\"Vdelava Datumi-izvedbe-nacionalnega-preverjanja-znanja-v-osnovni-soli-za-solsko-leto-2025-2026-\"><\/object><a id=\"wp-block-file--media-1a3edf52-b916-4387-a054-6e85ec3f7abf\" href=\"https:\/\/www.ossjsmlednik.si\/wp-content\/uploads\/2025\/09\/Datumi-izvedbe-nacionalnega-preverjanja-znanja-v-osnovni-soli-za-solsko-leto-2025-2026-.pdf\">Datumi-izvedbe-nacionalnega-preverjanja-znanja-v-osnovni-soli-za-solsko-leto-2025-2026-<\/a><a href=\"https:\/\/www.ossjsmlednik.si\/wp-content\/uploads\/2025\/09\/Datumi-izvedbe-nacionalnega-preverjanja-znanja-v-osnovni-soli-za-solsko-leto-2025-2026-.pdf\" class=\"wp-block-file__button wp-element-button\" download aria-describedby=\"wp-block-file--media-1a3edf52-b916-4387-a054-6e85ec3f7abf\">Prenos<\/a><\/div>\n","protected":false},"excerpt":{"rendered":"","protected":false},"author":1,"featured_media":0,"parent":0,"menu_order":0,"comment_status":"closed","ping_status":"closed","template":"","meta":{"footnotes":""},"class_list":["post-547","page","type-page","status-publish","hentry"],"publishpress_future_action":{"enabled":false,"date":"2026-05-09 04:12:24","action":"change-status","newStatus":"draft","terms":[],"taxonomy":"","extraData":[]},"publishpress_future_workflow_manual_trigger":{"enabledWorkflows":[]},"_links":{"self":[{"href":"https:\/\/www.ossjsmlednik.si\/index.php?rest_route=\/wp\/v2\/pages\/547","targetHints":{"allow":["GET"]}}],"collection":[{"href":"https:\/\/www.ossjsmlednik.si\/index.php?rest_route=\/wp\/v2\/pages"}],"about":[{"href":"https:\/\/www.ossjsmlednik.si\/index.php?rest_route=\/wp\/v2\/types\/page"}],"author":[{"embeddable":true,"href":"https:\/\/www.ossjsmlednik.si\/index.php?rest_route=\/wp\/v2\/users\/1"}],"replies":[{"embeddable":true,"href":"https:\/\/www.ossjsmlednik.si\/index.php?rest_route=%2Fwp%2Fv2%2Fcomments&post=547"}],"version-history":[{"count":7,"href":"https:\/\/www.ossjsmlednik.si\/index.php?rest_route=\/wp\/v2\/pages\/547\/revisions"}],"predecessor-version":[{"id":4612,"href":"https:\/\/www.ossjsmlednik.si\/index.php?rest_route=\/wp\/v2\/pages\/547\/revisions\/4612"}],"wp:attachment":[{"href":"https:\/\/www.ossjsmlednik.si\/index.php?rest_route=%2Fwp%2Fv2%2Fmedia&parent=547"}],"curies":[{"name":"wp","href":"https:\/\/api.w.org\/{rel}","templated":true}]}}