{"id":60,"date":"2021-08-09T03:32:40","date_gmt":"2021-08-09T03:32:40","guid":{"rendered":"https:\/\/www.ossjsmlednik.si\/?page_id=60"},"modified":"2021-08-09T03:33:49","modified_gmt":"2021-08-09T03:33:49","slug":"upravni-in-strokovni-organi-sole","status":"publish","type":"page","link":"https:\/\/www.ossjsmlednik.si\/?page_id=60","title":{"rendered":"Upravni in strokovni organi \u0161ole"},"content":{"rendered":"\n<h2 class=\"wp-block-heading\">Ravnatelj<\/h2>\n\n\n\n<p>Ravnatelj organizira, vodi in predstavlja \u0161olo ter opravlja tudi naslednje naloge:<\/p>\n\n\n\n<ul class=\"wp-block-list\"><li>na\u010drtuje in vodi delo \u0161ole<\/li><li>pripravlja program razvoja \u0161ole<\/li><li>pripravlja predlog letnega delovnega na\u010drta in je odgovoren za njegovo izvedbo<\/li><li>je odgovoren za uresni\u010devanje pravic in dol\u017enosti u\u010dencev<\/li><li>vodi delo u\u010diteljskega zbora<\/li><li>oblikuje predlog nadstandardnih programov<\/li><li>spodbuja strokovno izobra\u017eevanje in izpopolnjevanje strokovnih delavcev<\/li><li>organizira mentorstvo za pripravnike<\/li><li>prisostvuje pri vzgojno-izobra\u017eevalnem delu u\u010diteljev, spremlja njihovo delo in jim svetuje<\/li><li>predlaga napredovanje strokovnih delavcev v nazive<\/li><li>odlo\u010da o napredovanju delavcev v pla\u010dilne razrede<\/li><li>spremlja delo svetovalne slu\u017ebe<\/li><li>skrbi za sodelovanje \u0161ole s star\u0161i (roditeljski sestanki, govorilne ure in druge oblike sodelovanja)<\/li><li>obve\u0161\u010da star\u0161e o delu \u0161ole in o spremembah pravic in obveznosti u\u010dencev<\/li><li>spodbuja in spremlja delo skupnosti u\u010dencev<\/li><li>odlo\u010da o vzgojnih ukrepih<\/li><li>dolo\u010da sistematizacijo delovnih mest<\/li><li>odlo\u010da o sklepanju delovnih razmerij<\/li><li>skrbi za sodelovanje \u0161ole s \u0161olsko zdravstveno slu\u017ebo<\/li><li>opravlja druge naloge v skladu z zakoni in drugimi predpisi<\/li><\/ul>\n\n\n\n<h2 class=\"wp-block-heading\">Svet \u0161ole<\/h2>\n\n\n\n<p>Sestavljen je iz enajstih \u010dlanov; treh predstavnikov ustanovitelja, petih predstavnikov \u0161ole in treh predstavnikov star\u0161ev.<br><br><strong>Svet \u0161ole:<\/strong><\/p>\n\n\n\n<ul class=\"wp-block-list\"><li>predlaga ustanovitelju spremembo in raz\u0161iritev dejavnosti<\/li><li>daje ustanovitelju mnenje in predloge o posameznih vpra\u0161anjih<\/li><li>po potrebi natan\u010dneje dolo\u010di postopek volitev delavcev v svet \u0161ole<\/li><li>sprejema pravila in druge splo\u0161ne akte \u0161ole, ki jih dolo\u010dajo pravila \u0161ole in drugi splo\u0161ni akti \u0161ole<\/li><li>sprejema letni delovni na\u010drt \u0161ole in poro\u010dilo o njegovi izvr\u0161itvi<\/li><li>obravnava letno in polletno poro\u010dilo o vzgojni in izobra\u017eevalni problematiki<\/li><li>odlo\u010da o prito\u017ebah v zvezi s statusom u\u010denca<\/li><li>razpisuje volitve predstavnikov v svet \u0161ole<\/li><li>dolo\u010da finan\u010dni na\u010drt in sprejema zaklju\u010dni ra\u010dun \u0161ole<\/li><li>imenuje in razre\u0161uje ravnatelja<\/li><li>opravlja druge naloge, dolo\u010dene z zakonom ali aktom o ustanovitvi in pravili ter drugimi akti \u0161ole<\/li><\/ul>\n\n\n\n<h2 class=\"wp-block-heading\">Svet star\u0161ev<\/h2>\n\n\n\n<p>Sestavljajo ga star\u0161i, ki so izvoljeni na prvih roditeljskih sestankih posameznih oddelkov na\u0161e \u0161ole.<br><br><strong>Svet star\u0161ev:<\/strong><\/p>\n\n\n\n<ul class=\"wp-block-list\"><li>predlaga nadstandardne programe<\/li><li>daje soglasje k predlogu ravnatelja o nadstandardnih storitvah<\/li><li>daje mnenje o predlogu programa razvoja \u0161ole in o letnem delovnem na\u010drtu<\/li><li>razpravlja o poro\u010dilih ravnatelja o vzgojno-izobra\u017eevalni problematiki<\/li><li>obravnava prito\u017ebe star\u0161ev v zvezi z vzgojno-izobra\u017eevalnim delom<\/li><li>voli predstavnike v svet \u0161ole<\/li><li>opravlja druge naloge v skladu z zakonom in drugimi predpisi<\/li><\/ul>\n\n\n\n<h2 class=\"wp-block-heading\">U\u010diteljski zbor<\/h2>\n\n\n\n<p>Sestavljajo ga vsi strokovni delavci \u0161ole.<br><br><strong>U\u010diteljski zbor \u0161ole:<\/strong><\/p>\n\n\n\n<ul class=\"wp-block-list\"><li>razpravlja o problematiki na svojih pedago\u0161kih konferencah; sklicuje jih ravnatelj, ki vodi u\u010diteljski zbor<\/li><li>obravnava in odlo\u010da o strokovnih vpra\u0161anjh, povezanih z vzgojno-izobra\u017eevalnim delom<\/li><li>daje mnenje o letnem delovnem na\u010drtu<\/li><li>predlaga uvedbo nadstandardnih in drugih programov ter dejavnosti<\/li><li>odlo\u010da o posodobitvah programov vzgoje in izobra\u017eevanja in njihovi izvedbi v skladu s predpisi<\/li><li>daje pobude za napredovanje strokovnih delavcev in mnenje o predlogih ravnatelja<\/li><li>odlo\u010da o vzgojnih ukrepih<\/li><li>opravlja druge naloge v skladu z zakonodajo<\/li><\/ul>\n\n\n\n<h2 class=\"wp-block-heading\">Oddel\u010dni u\u010diteljski zbor<\/h2>\n\n\n\n<p>Sestavljajo ga u\u010ditelji, ki opravljajo vzgojno-izobra\u017eevalno delo v posameznem oddelku, po potrebi pa pri delu oddel\u010dnega u\u010diteljskega zbora sodelujejo tudi svetovalni in drugi strokovni delavci.<br><br><strong>Oddel\u010dni u\u010diteljski zbor:<\/strong><\/p>\n\n\n\n<ul class=\"wp-block-list\"><li>obravnava vzgojno-izobra\u017eevalno problematiko v oddelku<\/li><li>oblikuje program za delo z nadarjenimi u\u010denci in s tistimi, ki te\u017eje napredujejo<\/li><li>odlo\u010da o vzojnih ukrepih<\/li><li>opravlja druge naloge v skladu z zakonodajo<\/li><\/ul>\n\n\n\n<h2 class=\"wp-block-heading\">Razrednik<\/h2>\n\n\n\n<ul class=\"wp-block-list\"><li>vodi delo oddel\u010dnega u\u010diteljskega zbora<\/li><li>analizira vzgojne in u\u010dne rezultate oddelka<\/li><li>skrbi za re\u0161evanje vzgojnih in u\u010dnih problemov posameznih u\u010dencev<\/li><li>sodeluje s star\u0161i in \u0161olsko svetovalno slu\u017ebo<\/li><li>odlo\u010da o vzgojnih ukrepih<\/li><li>opravlja druge naloge v skladu z zakonodajo<\/li><\/ul>\n\n\n\n<h2 class=\"wp-block-heading\">Strokovni aktiv<\/h2>\n\n\n\n<p>Strokovni aktiv v \u0161oli sestavljajo u\u010ditelji istega predmeta oziroma sorodnih predmetnih podro\u010dij.<br><br><strong>Strokovni aktiv \u0161ole:<\/strong><\/p>\n\n\n\n<ul class=\"wp-block-list\"><li>obravnava problematiko predmeta oziroma predmetnega podro\u010dja<\/li><li>usklajuje merila za ocenjevanje<\/li><li>daje predloge u\u010diteljskemu zboru za izbolj\u0161anje vzgojno-izobra\u017eevalnega oziroma \u0161tudijskega dela<\/li><li>obravnava pripombe star\u0161ev in u\u010dencev<\/li><li>opravlja druge strokovne naloge, dolo\u010dene z letnim delovnim na\u010drtom<\/li><\/ul>\n","protected":false},"excerpt":{"rendered":"<p>Ravnatelj Ravnatelj organizira, vodi in predstavlja \u0161olo ter opravlja tudi naslednje naloge: na\u010drtuje in vodi delo \u0161ole pripravlja program razvoja \u0161ole pripravlja predlog letnega delovnega na\u010drta in je odgovoren za njegovo izvedbo je odgovoren&#46;&#46;&#46;<\/p>\n","protected":false},"author":1,"featured_media":0,"parent":0,"menu_order":0,"comment_status":"closed","ping_status":"closed","template":"","meta":{"footnotes":""},"class_list":["post-60","page","type-page","status-publish","hentry"],"publishpress_future_action":{"enabled":false,"date":"2026-05-09 04:05:40","action":"change-status","newStatus":"draft","terms":[],"taxonomy":"","extraData":[]},"publishpress_future_workflow_manual_trigger":{"enabledWorkflows":[]},"_links":{"self":[{"href":"https:\/\/www.ossjsmlednik.si\/index.php?rest_route=\/wp\/v2\/pages\/60","targetHints":{"allow":["GET"]}}],"collection":[{"href":"https:\/\/www.ossjsmlednik.si\/index.php?rest_route=\/wp\/v2\/pages"}],"about":[{"href":"https:\/\/www.ossjsmlednik.si\/index.php?rest_route=\/wp\/v2\/types\/page"}],"author":[{"embeddable":true,"href":"https:\/\/www.ossjsmlednik.si\/index.php?rest_route=\/wp\/v2\/users\/1"}],"replies":[{"embeddable":true,"href":"https:\/\/www.ossjsmlednik.si\/index.php?rest_route=%2Fwp%2Fv2%2Fcomments&post=60"}],"version-history":[{"count":2,"href":"https:\/\/www.ossjsmlednik.si\/index.php?rest_route=\/wp\/v2\/pages\/60\/revisions"}],"predecessor-version":[{"id":64,"href":"https:\/\/www.ossjsmlednik.si\/index.php?rest_route=\/wp\/v2\/pages\/60\/revisions\/64"}],"wp:attachment":[{"href":"https:\/\/www.ossjsmlednik.si\/index.php?rest_route=%2Fwp%2Fv2%2Fmedia&parent=60"}],"curies":[{"name":"wp","href":"https:\/\/api.w.org\/{rel}","templated":true}]}}