{"id":81,"date":"2021-08-09T04:11:11","date_gmt":"2021-08-09T04:11:11","guid":{"rendered":"https:\/\/www.ossjsmlednik.si\/?page_id=81"},"modified":"2021-08-09T04:14:07","modified_gmt":"2021-08-09T04:14:07","slug":"knjiznica","status":"publish","type":"page","link":"https:\/\/www.ossjsmlednik.si\/?page_id=81","title":{"rendered":"Knji\u017enica"},"content":{"rendered":"\n<p>\u0160olska knji\u017enica je sestavni del celotnega vzgojno-izobra\u017eevalnega dela \u0161ole. Namenjena je u\u010dencem, u\u010diteljem, vsem zaposlenim v \u0161oli in je primerno zalo\u017eena z leposlovjem in strokovno literaturo, revijami in ostalim gradivom. Izposoja je ra\u010dunalni\u0161ka, tako da u\u010denci \u010dim hitreje pridejo do \u017eelene literature in ostalega gradiva. Vodi jo\u00a0<strong>Andre<\/strong>ja <strong>Ker\u010d<\/strong>.<br>\u00a0<\/p>\n\n\n\n<p><strong>Rok izposoje:<\/strong><\/p>\n\n\n\n<ul class=\"wp-block-list\"><li>gradivi si izposodijo za 14 dni<\/li><li>knjige za doma\u010de branje za 7 dni<\/li><li>mlaj\u0161i si izposodijo najve\u010d 3 knjige<\/li><li>starej\u0161i (od 6.R \u2013 9.R) poljudno<\/li><li>izgubljeno ali uni\u010deno knjigo mora izposojevalec nadomestiti z novo<\/li><li>konec \u0161olskega leta vsi bralci vrnejo izposojeno gradivo<\/li><li>izposojanje med so\u0161olci ni dovoljeno<\/li><li>izposoja revij je mo\u017ena v \u010ditalnici<\/li><\/ul>\n\n\n\n<p><br><strong>Poleg izposoje gradiva v knji\u017enici potekajo \u0161e naslednje dejavnosti:<\/strong><\/p>\n\n\n\n<ul class=\"wp-block-list\"><li>izvajanje knji\u017eni\u010dno informacijskih znanj,<\/li><li>vklju\u010devanje v medpredmetne povezave<\/li><li>knji\u017eni\u010darski kro\u017eek<\/li><li>mese\u010dne razstave<\/li><li>predstavitev novosti<\/li><li>izbiranje naj knjige meseca<\/li><\/ul>\n","protected":false},"excerpt":{"rendered":"<p>\u0160olska knji\u017enica je sestavni del celotnega vzgojno-izobra\u017eevalnega dela \u0161ole. Namenjena je u\u010dencem, u\u010diteljem, vsem zaposlenim v \u0161oli in je primerno zalo\u017eena z leposlovjem in strokovno literaturo, revijami in ostalim gradivom. Izposoja je ra\u010dunalni\u0161ka, tako&#46;&#46;&#46;<\/p>\n","protected":false},"author":1,"featured_media":0,"parent":0,"menu_order":0,"comment_status":"closed","ping_status":"closed","template":"","meta":{"footnotes":""},"class_list":["post-81","page","type-page","status-publish","hentry"],"publishpress_future_action":{"enabled":false,"date":"2026-05-06 16:10:03","action":"change-status","newStatus":"draft","terms":[],"taxonomy":"","extraData":[]},"publishpress_future_workflow_manual_trigger":{"enabledWorkflows":[]},"_links":{"self":[{"href":"https:\/\/www.ossjsmlednik.si\/index.php?rest_route=\/wp\/v2\/pages\/81","targetHints":{"allow":["GET"]}}],"collection":[{"href":"https:\/\/www.ossjsmlednik.si\/index.php?rest_route=\/wp\/v2\/pages"}],"about":[{"href":"https:\/\/www.ossjsmlednik.si\/index.php?rest_route=\/wp\/v2\/types\/page"}],"author":[{"embeddable":true,"href":"https:\/\/www.ossjsmlednik.si\/index.php?rest_route=\/wp\/v2\/users\/1"}],"replies":[{"embeddable":true,"href":"https:\/\/www.ossjsmlednik.si\/index.php?rest_route=%2Fwp%2Fv2%2Fcomments&post=81"}],"version-history":[{"count":2,"href":"https:\/\/www.ossjsmlednik.si\/index.php?rest_route=\/wp\/v2\/pages\/81\/revisions"}],"predecessor-version":[{"id":85,"href":"https:\/\/www.ossjsmlednik.si\/index.php?rest_route=\/wp\/v2\/pages\/81\/revisions\/85"}],"wp:attachment":[{"href":"https:\/\/www.ossjsmlednik.si\/index.php?rest_route=%2Fwp%2Fv2%2Fmedia&parent=81"}],"curies":[{"name":"wp","href":"https:\/\/api.w.org\/{rel}","templated":true}]}}