{"id":86,"date":"2021-08-09T04:15:02","date_gmt":"2021-08-09T04:15:02","guid":{"rendered":"https:\/\/www.ossjsmlednik.si\/?page_id=86"},"modified":"2021-08-09T04:18:09","modified_gmt":"2021-08-09T04:18:09","slug":"kolesarski-izpit","status":"publish","type":"page","link":"https:\/\/www.ossjsmlednik.si\/?page_id=86","title":{"rendered":"Kolesarski izpit"},"content":{"rendered":"\n<h2 class=\"wp-block-heading\">Spo\u0161tovani star\u0161i!<\/h2>\n\n\n\n<p>Ko Va\u0161 otrok opravi kolesarski izpit, to \u0161e zdale\u010d ne pomeni, da zna v resni\u010dnih situacijah na cesti in v kri\u017ei\u0161\u010dih vedno pravilno reagirati. Za to so potrebni kilometri vo\u017enje, za kar pa pri pouku prometne vzgoje v osnovni \u0161oli ni ne mo\u017enosti, ne \u010dasa. Na cestah je vse ve\u010d in ve\u010d avtomobilov in s tem se nevarnost za \u0161ibkej\u0161e v prometu pove\u010duje. Priporo\u010dam Vam, da otroka kljub opravljenemu kolesarskemu izpitu nadzorujete in mu dovolite samostojno vo\u017enjo v prometu \u0161ele takrat, ko se sami prepri\u010date, da zna pravilno ravnati v razli\u010dnih prometnih situacijah na cesti.<\/p>\n\n\n\n<p><strong>KOLESARSKI IZPIT JE SESTAVLJEN IZ:<\/strong><\/p>\n\n\n\n<p>1. TEORETI\u010cNEGA DELA KOLESARSKEGA IZPITA<\/p>\n\n\n\n<p>2. PRAKTI\u010cNEGA DELA KOLESARSKEGA IZPITA:&nbsp;\u2013 usposabljanje na prometnem poligonu \u2013 vo\u017enja na javnih prometnih povr\u0161inah<\/p>\n\n\n\n<p>3. PREVERJANJE IN OCENJEVANJE TEORETI\u010cNEGA ZNANJA&nbsp;\u2013 preverjanje teoreti\u010dnega znanja (ob ra\u010dunalniku \u2013 s pomo\u010djo spletne strani http:\/\/www.kolesar.info\/ ali ustno v skupini) \u2013 ocenjevanja teoreti\u010dnega znanja (ob ra\u010dunalniku \u2013 s pomo\u010djo spletne strani http:\/\/www.kolesar.info\/) *z u\u010denci, ki teoreti\u010dnega dela ne opravijo, naredimo analizo napak, utrdimo vsebine, ki jim povzro\u010dajo te\u017eave in jim omogo\u010dimo ponovni preizkus. Teoreti\u010dni del lahko opravljajo najve\u010d 3x v dolo\u010denem \u0161olskem letu. \u2013 USPE\u0160NI U\u010cENCI NADALJUJEJO S TE\u010cAJEM KOLESARSKEGA IZPITA.<\/p>\n\n\n\n<p>U\u010denci in u\u010denke so dobili uporabni\u0161ka imena in gesla za dostop do spletne u\u010dilnice, kjer lahko opravljajo simulacijo izpita. \u0160tevilo poskusov je neomejeno. V spletno u\u010dilnico kolesar se prijavijo na\u00a0<a rel=\"noreferrer noopener\" href=\"https:\/\/skupnost.sio.si\/\" target=\"_blank\">https:\/\/skupnost.sio.si\/<\/a>\u00a0(klik na prijava v desnem zgornjem delu ekrana), v naslednjem oknu klik na AAI prijava. Ob prvi prijavi na ra\u010dunalniku, je potrebno izbrati doma\u010do organizacijo (vpi\u0161e se Osnovna \u0161ola Simona Jenka) in izbrati shrani kot privzeto izbiro. Vpi\u0161e se \u00a0uporabni\u0161ko ime in geslo, samo ob prvi prijavi je potrebno potrditi zapomni si privolitev. Sistem vas preusmeri v spletne u\u010dilnice, kjer je v desnem zgornjem kotu ime u\u010denca, pod zavihkom moji predmeti klik na kolesar in od tu naprej se ravna po navodilih za simulacijo testa.<\/p>\n\n\n\n<p><\/p>\n","protected":false},"excerpt":{"rendered":"<p>Spo\u0161tovani star\u0161i! Ko Va\u0161 otrok opravi kolesarski izpit, to \u0161e zdale\u010d ne pomeni, da zna v resni\u010dnih situacijah na cesti in v kri\u017ei\u0161\u010dih vedno pravilno reagirati. Za to so potrebni kilometri vo\u017enje, za kar&#46;&#46;&#46;<\/p>\n","protected":false},"author":1,"featured_media":0,"parent":0,"menu_order":0,"comment_status":"closed","ping_status":"closed","template":"","meta":{"footnotes":""},"class_list":["post-86","page","type-page","status-publish","hentry"],"publishpress_future_action":{"enabled":false,"date":"2026-05-07 03:47:01","action":"change-status","newStatus":"draft","terms":[],"taxonomy":"","extraData":[]},"publishpress_future_workflow_manual_trigger":{"enabledWorkflows":[]},"_links":{"self":[{"href":"https:\/\/www.ossjsmlednik.si\/index.php?rest_route=\/wp\/v2\/pages\/86","targetHints":{"allow":["GET"]}}],"collection":[{"href":"https:\/\/www.ossjsmlednik.si\/index.php?rest_route=\/wp\/v2\/pages"}],"about":[{"href":"https:\/\/www.ossjsmlednik.si\/index.php?rest_route=\/wp\/v2\/types\/page"}],"author":[{"embeddable":true,"href":"https:\/\/www.ossjsmlednik.si\/index.php?rest_route=\/wp\/v2\/users\/1"}],"replies":[{"embeddable":true,"href":"https:\/\/www.ossjsmlednik.si\/index.php?rest_route=%2Fwp%2Fv2%2Fcomments&post=86"}],"version-history":[{"count":3,"href":"https:\/\/www.ossjsmlednik.si\/index.php?rest_route=\/wp\/v2\/pages\/86\/revisions"}],"predecessor-version":[{"id":91,"href":"https:\/\/www.ossjsmlednik.si\/index.php?rest_route=\/wp\/v2\/pages\/86\/revisions\/91"}],"wp:attachment":[{"href":"https:\/\/www.ossjsmlednik.si\/index.php?rest_route=%2Fwp%2Fv2%2Fmedia&parent=86"}],"curies":[{"name":"wp","href":"https:\/\/api.w.org\/{rel}","templated":true}]}}